{"id":36,"date":"2026-03-28T23:55:03","date_gmt":"2026-03-28T23:55:03","guid":{"rendered":"https:\/\/phuonguyen.azdigi.shop\/?page_id=36"},"modified":"2026-04-12T01:25:20","modified_gmt":"2026-04-12T01:25:20","slug":"gio-hang","status":"publish","type":"page","link":"https:\/\/phuonguyen.azdigi.shop\/?page_id=36","title":{"rendered":"Gi\u1ecf h\u00e0ng"},"content":{"rendered":"\n<div data-block-name=\"woocommerce\/cart\" class=\"wp-block-woocommerce-cart alignwide is-loading\">\n<div data-block-name=\"woocommerce\/filled-cart-block\" class=\"wp-block-woocommerce-filled-cart-block\">\n<div data-block-name=\"woocommerce\/cart-items-block\" class=\"wp-block-woocommerce-cart-items-block\">\n<div data-block-name=\"woocommerce\/cart-line-items-block\" class=\"wp-block-woocommerce-cart-line-items-block\"><\/div>\n\n\n<\/div>\n\n\n\n\n<div data-block-name=\"woocommerce\/cart-totals-block\" class=\"wp-block-woocommerce-cart-totals-block\">\n<div data-block-name=\"woocommerce\/cart-order-summary-block\" class=\"wp-block-woocommerce-cart-order-summary-block\">\n<div data-block-name=\"woocommerce\/cart-order-summary-heading-block\" class=\"wp-block-woocommerce-cart-order-summary-heading-block\"><\/div><div data-block-name=\"woocommerce\/cart-order-summary-coupon-form-block\" class=\"wp-block-woocommerce-cart-order-summary-coupon-form-block\"><\/div><div data-block-name=\"woocommerce\/cart-order-summary-totals-block\" class=\"wp-block-woocommerce-cart-order-summary-totals-block\">\n<div data-block-name=\"woocommerce\/cart-order-summary-subtotal-block\" class=\"wp-block-woocommerce-cart-order-summary-subtotal-block\"><\/div>\n<div data-block-name=\"woocommerce\/cart-order-summary-discount-block\" class=\"wp-block-woocommerce-cart-order-summary-discount-block\"><\/div>\n<div data-block-name=\"woocommerce\/cart-order-summary-fee-block\" class=\"wp-block-woocommerce-cart-order-summary-fee-block\"><\/div>\n<div data-block-name=\"woocommerce\/cart-order-summary-shipping-block\" class=\"wp-block-woocommerce-cart-order-summary-shipping-block\"><\/div>\n<div data-block-name=\"woocommerce\/cart-order-summary-taxes-block\" class=\"wp-block-woocommerce-cart-order-summary-taxes-block\"><\/div><\/div>\n<\/div>\n\n\n\n<div data-block-name=\"woocommerce\/cart-express-payment-block\" class=\"wp-block-woocommerce-cart-express-payment-block\"><\/div>\n\n\n\n<div data-block-name=\"woocommerce\/proceed-to-checkout-block\" class=\"wp-block-woocommerce-proceed-to-checkout-block\"><\/div>\n<div id=\"ppcp-recaptcha-v2-container\" style=\"margin:20px 0;\"><\/div>\n\n\n<div data-block-name=\"woocommerce\/cart-accepted-payment-methods-block\" class=\"wp-block-woocommerce-cart-accepted-payment-methods-block\"><\/div>\n<\/div>\n<\/div>\n\n\n\n<div data-block-name=\"woocommerce\/empty-cart-block\" class=\"wp-block-woocommerce-empty-cart-block\">\n<h2 class=\"wp-block-heading has-text-align-center with-empty-cart-icon wc-block-cart__empty-cart__title\">Gi\u1ecf h\u00e0ng hi\u1ec7n t\u1ea1i ch\u01b0a c\u00f3 s\u1ea3n ph\u1ea9m n\u00e0o!<\/h2>\n\n\n\n<hr class=\"wp-block-separator has-alpha-channel-opacity is-style-dots\"\/>\n\n\n\n<h2 class=\"wp-block-heading has-text-align-center\">M\u1edbi trong c\u1eeda h\u00e0ng<\/h2>\n\n\n<div data-block-name=\"woocommerce\/product-new\" data-columns=\"4\" data-rows=\"1\" class=\"wc-block-grid wp-block-product-new wp-block-woocommerce-product-new wc-block-product-new has-4-columns\"><ul class=\"wc-block-grid__products\"><li class=\"wc-block-grid__product\">\n\t\t\t\t<a href=\"https:\/\/phuonguyen.azdigi.shop\/?product=ao-khoac-dang-ngan-co-tron\" class=\"wc-block-grid__product-link\">\n\t\t\t\t\t\n\t\t\t\t\t<div class=\"wc-block-grid__product-image\"><img loading=\"lazy\" decoding=\"async\" width=\"300\" height=\"300\" src=\"https:\/\/phuonguyen.azdigi.shop\/wp-content\/uploads\/2026\/04\/Ao-khoac-dang-ngan-co-tron-1-300x300.jpg\" class=\"attachment-woocommerce_thumbnail size-woocommerce_thumbnail\" alt=\"\u00c1o kho\u00e1c d\u00e1ng ng\u1eafn c\u1ed5 tr\u00f2n\" srcset=\"https:\/\/phuonguyen.azdigi.shop\/wp-content\/uploads\/2026\/04\/Ao-khoac-dang-ngan-co-tron-1-300x300.jpg 300w, https:\/\/phuonguyen.azdigi.shop\/wp-content\/uploads\/2026\/04\/Ao-khoac-dang-ngan-co-tron-1-150x150.jpg 150w, https:\/\/phuonguyen.azdigi.shop\/wp-content\/uploads\/2026\/04\/Ao-khoac-dang-ngan-co-tron-1-100x100.jpg 100w\" sizes=\"auto, (max-width: 300px) 100vw, 300px\" \/><\/div>\n\t\t\t\t\t<div class=\"wc-block-grid__product-title\">\u00c1o kho\u00e1c d\u00e1ng ng\u1eafn c\u1ed5 tr\u00f2n<\/div>\n\t\t\t\t<\/a>\n\t\t\t\t<div class=\"wc-block-grid__product-price price\"><span class=\"woocommerce-Price-amount amount\">1.090.000&nbsp;<span class=\"woocommerce-Price-currencySymbol\">&#8363;<\/span><\/span><\/div>\n\t\t\t\t\n\t\t\t\t<div class=\"wp-block-button wc-block-grid__product-add-to-cart\"><a href=\"https:\/\/phuonguyen.azdigi.shop\/?product=ao-khoac-dang-ngan-co-tron\" aria-label=\"L\u1ef1a ch\u1ecdn cho &ldquo;\u00c1o kho\u00e1c d\u00e1ng ng\u1eafn c\u1ed5 tr\u00f2n&rdquo;\" data-quantity=\"1\" data-product_id=\"227\" data-product_sku=\"\" data-price=\"1090000\" rel=\"nofollow\" class=\"wp-block-button__link  add_to_cart_button\">Ch\u1ecdn<\/a><\/div>\n\t\t\t<\/li><li class=\"wc-block-grid__product\">\n\t\t\t\t<a href=\"https:\/\/phuonguyen.azdigi.shop\/?product=ao-da-2-hang-cuc-co-ve-meo\" class=\"wc-block-grid__product-link\">\n\t\t\t\t\t<div class=\"wc-block-grid__product-onsale\">\n\t\t\t<span aria-hidden=\"true\">Khuy\u1ebfn m\u1ea1i<\/span>\n\t\t\t<span class=\"screen-reader-text\">S\u1ea3n ph\u1ea9m \u0111ang gi\u1ea3m gi\u00e1<\/span>\n\t\t<\/div>\n\t\t\t\t\t<div class=\"wc-block-grid__product-image\"><img loading=\"lazy\" decoding=\"async\" width=\"300\" height=\"300\" src=\"https:\/\/phuonguyen.azdigi.shop\/wp-content\/uploads\/2026\/04\/Ao-da-2-hang-cuc-co-ve-meo-300x300.jpg\" class=\"attachment-woocommerce_thumbnail size-woocommerce_thumbnail\" alt=\"\u00c1o d\u1ea1 2 h\u00e0ng c\u00fac, c\u1ed5 ve m\u00e8o\" srcset=\"https:\/\/phuonguyen.azdigi.shop\/wp-content\/uploads\/2026\/04\/Ao-da-2-hang-cuc-co-ve-meo-300x300.jpg 300w, https:\/\/phuonguyen.azdigi.shop\/wp-content\/uploads\/2026\/04\/Ao-da-2-hang-cuc-co-ve-meo-150x150.jpg 150w, https:\/\/phuonguyen.azdigi.shop\/wp-content\/uploads\/2026\/04\/Ao-da-2-hang-cuc-co-ve-meo-100x100.jpg 100w\" sizes=\"auto, (max-width: 300px) 100vw, 300px\" \/><\/div>\n\t\t\t\t\t<div class=\"wc-block-grid__product-title\">\u00c1o d\u1ea1 2 h\u00e0ng c\u00fac, c\u1ed5 ve m\u00e8o<\/div>\n\t\t\t\t<\/a>\n\t\t\t\t<div class=\"wc-block-grid__product-price price\"><del aria-hidden=\"true\"><span class=\"woocommerce-Price-amount amount\">1.999.000&nbsp;<span class=\"woocommerce-Price-currencySymbol\">&#8363;<\/span><\/span><\/del> <span class=\"screen-reader-text\">Gi\u00e1 g\u1ed1c l\u00e0: 1.999.000&nbsp;&#8363;.<\/span><ins aria-hidden=\"true\"><span class=\"woocommerce-Price-amount amount\">1.789.000&nbsp;<span class=\"woocommerce-Price-currencySymbol\">&#8363;<\/span><\/span><\/ins><span class=\"screen-reader-text\">Gi\u00e1 hi\u1ec7n t\u1ea1i l\u00e0: 1.789.000&nbsp;&#8363;.<\/span><\/div>\n\t\t\t\t\n\t\t\t\t<div class=\"wp-block-button wc-block-grid__product-add-to-cart\"><a href=\"\/index.php?rest_route=%2Fwp%2Fv2%2Fpages%2F36&#038;add-to-cart=225\" aria-label=\"Th\u00eam v\u00e0o gi\u1ecf h\u00e0ng: &ldquo;\u00c1o d\u1ea1 2 h\u00e0ng c\u00fac, c\u1ed5 ve m\u00e8o&rdquo;\" data-quantity=\"1\" data-product_id=\"225\" data-product_sku=\"\" data-price=\"1789000\" rel=\"nofollow\" class=\"wp-block-button__link  add_to_cart_button ajax_add_to_cart\">Th\u00eam v\u00e0o gi\u1ecf h\u00e0ng<\/a><\/div>\n\t\t\t<\/li><li class=\"wc-block-grid__product\">\n\t\t\t\t<a href=\"https:\/\/phuonguyen.azdigi.shop\/?product=ao-da-suong-co-tron-2-tui-op\" class=\"wc-block-grid__product-link\">\n\t\t\t\t\t<div class=\"wc-block-grid__product-onsale\">\n\t\t\t<span aria-hidden=\"true\">Khuy\u1ebfn m\u1ea1i<\/span>\n\t\t\t<span class=\"screen-reader-text\">S\u1ea3n ph\u1ea9m \u0111ang gi\u1ea3m gi\u00e1<\/span>\n\t\t<\/div>\n\t\t\t\t\t<div class=\"wc-block-grid__product-image\"><img loading=\"lazy\" decoding=\"async\" width=\"300\" height=\"300\" src=\"https:\/\/phuonguyen.azdigi.shop\/wp-content\/uploads\/2026\/04\/Ao-da-suong-co-tron-2-tui-op-scaled-300x300.jpg\" class=\"attachment-woocommerce_thumbnail size-woocommerce_thumbnail\" alt=\"\u00c1o d\u1ea1 su\u00f4ng c\u1ed5 tr\u00f2n 2 t\u00fai \u1ed1p\" srcset=\"https:\/\/phuonguyen.azdigi.shop\/wp-content\/uploads\/2026\/04\/Ao-da-suong-co-tron-2-tui-op-scaled-300x300.jpg 300w, https:\/\/phuonguyen.azdigi.shop\/wp-content\/uploads\/2026\/04\/Ao-da-suong-co-tron-2-tui-op-scaled-100x100.jpg 100w\" sizes=\"auto, (max-width: 300px) 100vw, 300px\" \/><\/div>\n\t\t\t\t\t<div class=\"wc-block-grid__product-title\">\u00c1o d\u1ea1 su\u00f4ng c\u1ed5 tr\u00f2n 2 t\u00fai \u1ed1p<\/div>\n\t\t\t\t<\/a>\n\t\t\t\t<div class=\"wc-block-grid__product-price price\"><del aria-hidden=\"true\"><span class=\"woocommerce-Price-amount amount\">1.099.000&nbsp;<span class=\"woocommerce-Price-currencySymbol\">&#8363;<\/span><\/span><\/del> <span class=\"screen-reader-text\">Gi\u00e1 g\u1ed1c l\u00e0: 1.099.000&nbsp;&#8363;.<\/span><ins aria-hidden=\"true\"><span class=\"woocommerce-Price-amount amount\">955.000&nbsp;<span class=\"woocommerce-Price-currencySymbol\">&#8363;<\/span><\/span><\/ins><span class=\"screen-reader-text\">Gi\u00e1 hi\u1ec7n t\u1ea1i l\u00e0: 955.000&nbsp;&#8363;.<\/span><\/div>\n\t\t\t\t\n\t\t\t\t<div class=\"wp-block-button wc-block-grid__product-add-to-cart\"><a href=\"\/index.php?rest_route=%2Fwp%2Fv2%2Fpages%2F36&#038;add-to-cart=223\" aria-label=\"Th\u00eam v\u00e0o gi\u1ecf h\u00e0ng: &ldquo;\u00c1o d\u1ea1 su\u00f4ng c\u1ed5 tr\u00f2n 2 t\u00fai \u1ed1p&rdquo;\" data-quantity=\"1\" data-product_id=\"223\" data-product_sku=\"\" data-price=\"955000\" rel=\"nofollow\" class=\"wp-block-button__link  add_to_cart_button ajax_add_to_cart\">Th\u00eam v\u00e0o gi\u1ecf h\u00e0ng<\/a><\/div>\n\t\t\t<\/li><li class=\"wc-block-grid__product\">\n\t\t\t\t<a href=\"https:\/\/phuonguyen.azdigi.shop\/?product=ao-da-co-long\" class=\"wc-block-grid__product-link\">\n\t\t\t\t\t<div class=\"wc-block-grid__product-onsale\">\n\t\t\t<span aria-hidden=\"true\">Khuy\u1ebfn m\u1ea1i<\/span>\n\t\t\t<span class=\"screen-reader-text\">S\u1ea3n ph\u1ea9m \u0111ang gi\u1ea3m gi\u00e1<\/span>\n\t\t<\/div>\n\t\t\t\t\t<div class=\"wc-block-grid__product-image\"><img loading=\"lazy\" decoding=\"async\" width=\"300\" height=\"300\" src=\"https:\/\/phuonguyen.azdigi.shop\/wp-content\/uploads\/2026\/04\/Ao-da-co-long-300x300.jpg\" class=\"attachment-woocommerce_thumbnail size-woocommerce_thumbnail\" alt=\"\u00c1o da c\u1ed5 l\u00f4ng\" srcset=\"https:\/\/phuonguyen.azdigi.shop\/wp-content\/uploads\/2026\/04\/Ao-da-co-long-300x300.jpg 300w, https:\/\/phuonguyen.azdigi.shop\/wp-content\/uploads\/2026\/04\/Ao-da-co-long-150x150.jpg 150w, https:\/\/phuonguyen.azdigi.shop\/wp-content\/uploads\/2026\/04\/Ao-da-co-long-100x100.jpg 100w\" sizes=\"auto, (max-width: 300px) 100vw, 300px\" \/><\/div>\n\t\t\t\t\t<div class=\"wc-block-grid__product-title\">\u00c1o da c\u1ed5 l\u00f4ng<\/div>\n\t\t\t\t<\/a>\n\t\t\t\t<div class=\"wc-block-grid__product-price price\"><del aria-hidden=\"true\"><span class=\"woocommerce-Price-amount amount\">900.000&nbsp;<span class=\"woocommerce-Price-currencySymbol\">&#8363;<\/span><\/span><\/del> <span class=\"screen-reader-text\">Gi\u00e1 g\u1ed1c l\u00e0: 900.000&nbsp;&#8363;.<\/span><ins aria-hidden=\"true\"><span class=\"woocommerce-Price-amount amount\">795.000&nbsp;<span class=\"woocommerce-Price-currencySymbol\">&#8363;<\/span><\/span><\/ins><span class=\"screen-reader-text\">Gi\u00e1 hi\u1ec7n t\u1ea1i l\u00e0: 795.000&nbsp;&#8363;.<\/span><\/div>\n\t\t\t\t\n\t\t\t\t<div class=\"wp-block-button wc-block-grid__product-add-to-cart\"><a href=\"\/index.php?rest_route=%2Fwp%2Fv2%2Fpages%2F36&#038;add-to-cart=220\" aria-label=\"Th\u00eam v\u00e0o gi\u1ecf h\u00e0ng: &ldquo;\u00c1o da c\u1ed5 l\u00f4ng&rdquo;\" data-quantity=\"1\" data-product_id=\"220\" data-product_sku=\"\" data-price=\"795000\" rel=\"nofollow\" class=\"wp-block-button__link  add_to_cart_button ajax_add_to_cart\">Th\u00eam v\u00e0o gi\u1ecf h\u00e0ng<\/a><\/div>\n\t\t\t<\/li><\/ul><\/div><\/div>\n<\/div>\n","protected":false},"excerpt":{"rendered":"","protected":false},"author":1,"featured_media":0,"parent":0,"menu_order":0,"comment_status":"closed","ping_status":"closed","template":"","meta":{"footnotes":""},"class_list":["post-36","page","type-page","status-publish","hentry"],"yoast_head":"<!-- This site is optimized with the Yoast SEO plugin v27.2 - https:\/\/yoast.com\/product\/yoast-seo-wordpress\/ -->\n<title>Gi\u1ecf h\u00e0ng - Shop th\u1eddi trang<\/title>\n<meta name=\"robots\" content=\"noindex, follow, max-snippet:-1, max-image-preview:large, max-video-preview:-1\" \/>\n<meta property=\"og:locale\" content=\"vi_VN\" \/>\n<meta property=\"og:type\" content=\"article\" \/>\n<meta property=\"og:title\" content=\"Gi\u1ecf h\u00e0ng - Shop th\u1eddi trang\" \/>\n<meta property=\"og:url\" content=\"https:\/\/phuonguyen.azdigi.shop\/?page_id=36\" \/>\n<meta property=\"og:site_name\" content=\"Shop th\u1eddi trang\" \/>\n<meta property=\"article:modified_time\" content=\"2026-04-12T01:25:20+00:00\" \/>\n<meta name=\"twitter:card\" content=\"summary_large_image\" \/>\n<script type=\"application\/ld+json\" class=\"yoast-schema-graph\">{\"@context\":\"https:\/\/schema.org\",\"@graph\":[{\"@type\":\"WebPage\",\"@id\":\"https:\/\/phuonguyen.azdigi.shop\/?page_id=36\",\"url\":\"https:\/\/phuonguyen.azdigi.shop\/?page_id=36\",\"name\":\"Gi\u1ecf h\u00e0ng - Shop th\u1eddi trang\",\"isPartOf\":{\"@id\":\"https:\/\/phuonguyen.azdigi.shop\/#website\"},\"datePublished\":\"2026-03-28T23:55:03+00:00\",\"dateModified\":\"2026-04-12T01:25:20+00:00\",\"breadcrumb\":{\"@id\":\"https:\/\/phuonguyen.azdigi.shop\/?page_id=36#breadcrumb\"},\"inLanguage\":\"vi\",\"potentialAction\":[{\"@type\":\"ReadAction\",\"target\":[\"https:\/\/phuonguyen.azdigi.shop\/?page_id=36\"]}]},{\"@type\":\"BreadcrumbList\",\"@id\":\"https:\/\/phuonguyen.azdigi.shop\/?page_id=36#breadcrumb\",\"itemListElement\":[{\"@type\":\"ListItem\",\"position\":1,\"name\":\"Trang ch\u1ee7\",\"item\":\"https:\/\/phuonguyen.azdigi.shop\/\"},{\"@type\":\"ListItem\",\"position\":2,\"name\":\"Gi\u1ecf h\u00e0ng\"}]},{\"@type\":\"WebSite\",\"@id\":\"https:\/\/phuonguyen.azdigi.shop\/#website\",\"url\":\"https:\/\/phuonguyen.azdigi.shop\/\",\"name\":\"Shop th\u1eddi trang\",\"description\":\"\",\"potentialAction\":[{\"@type\":\"SearchAction\",\"target\":{\"@type\":\"EntryPoint\",\"urlTemplate\":\"https:\/\/phuonguyen.azdigi.shop\/?s={search_term_string}\"},\"query-input\":{\"@type\":\"PropertyValueSpecification\",\"valueRequired\":true,\"valueName\":\"search_term_string\"}}],\"inLanguage\":\"vi\"}]}<\/script>\n<!-- \/ Yoast SEO plugin. -->","yoast_head_json":{"title":"Gi\u1ecf h\u00e0ng - Shop th\u1eddi trang","robots":{"index":"noindex","follow":"follow","max-snippet":"max-snippet:-1","max-image-preview":"max-image-preview:large","max-video-preview":"max-video-preview:-1"},"og_locale":"vi_VN","og_type":"article","og_title":"Gi\u1ecf h\u00e0ng - Shop th\u1eddi trang","og_url":"https:\/\/phuonguyen.azdigi.shop\/?page_id=36","og_site_name":"Shop th\u1eddi trang","article_modified_time":"2026-04-12T01:25:20+00:00","twitter_card":"summary_large_image","schema":{"@context":"https:\/\/schema.org","@graph":[{"@type":"WebPage","@id":"https:\/\/phuonguyen.azdigi.shop\/?page_id=36","url":"https:\/\/phuonguyen.azdigi.shop\/?page_id=36","name":"Gi\u1ecf h\u00e0ng - Shop th\u1eddi trang","isPartOf":{"@id":"https:\/\/phuonguyen.azdigi.shop\/#website"},"datePublished":"2026-03-28T23:55:03+00:00","dateModified":"2026-04-12T01:25:20+00:00","breadcrumb":{"@id":"https:\/\/phuonguyen.azdigi.shop\/?page_id=36#breadcrumb"},"inLanguage":"vi","potentialAction":[{"@type":"ReadAction","target":["https:\/\/phuonguyen.azdigi.shop\/?page_id=36"]}]},{"@type":"BreadcrumbList","@id":"https:\/\/phuonguyen.azdigi.shop\/?page_id=36#breadcrumb","itemListElement":[{"@type":"ListItem","position":1,"name":"Trang ch\u1ee7","item":"https:\/\/phuonguyen.azdigi.shop\/"},{"@type":"ListItem","position":2,"name":"Gi\u1ecf h\u00e0ng"}]},{"@type":"WebSite","@id":"https:\/\/phuonguyen.azdigi.shop\/#website","url":"https:\/\/phuonguyen.azdigi.shop\/","name":"Shop th\u1eddi trang","description":"","potentialAction":[{"@type":"SearchAction","target":{"@type":"EntryPoint","urlTemplate":"https:\/\/phuonguyen.azdigi.shop\/?s={search_term_string}"},"query-input":{"@type":"PropertyValueSpecification","valueRequired":true,"valueName":"search_term_string"}}],"inLanguage":"vi"}]}},"jetpack_sharing_enabled":true,"_links":{"self":[{"href":"https:\/\/phuonguyen.azdigi.shop\/index.php?rest_route=\/wp\/v2\/pages\/36","targetHints":{"allow":["GET"]}}],"collection":[{"href":"https:\/\/phuonguyen.azdigi.shop\/index.php?rest_route=\/wp\/v2\/pages"}],"about":[{"href":"https:\/\/phuonguyen.azdigi.shop\/index.php?rest_route=\/wp\/v2\/types\/page"}],"author":[{"embeddable":true,"href":"https:\/\/phuonguyen.azdigi.shop\/index.php?rest_route=\/wp\/v2\/users\/1"}],"replies":[{"embeddable":true,"href":"https:\/\/phuonguyen.azdigi.shop\/index.php?rest_route=%2Fwp%2Fv2%2Fcomments&post=36"}],"version-history":[{"count":0,"href":"https:\/\/phuonguyen.azdigi.shop\/index.php?rest_route=\/wp\/v2\/pages\/36\/revisions"}],"wp:attachment":[{"href":"https:\/\/phuonguyen.azdigi.shop\/index.php?rest_route=%2Fwp%2Fv2%2Fmedia&parent=36"}],"curies":[{"name":"wp","href":"https:\/\/api.w.org\/{rel}","templated":true}]}}