{"id":159,"date":"2026-04-11T16:39:04","date_gmt":"2026-04-11T16:39:04","guid":{"rendered":"https:\/\/phuonguyen.azdigi.shop\/?post_type=product&#038;p=159"},"modified":"2026-04-11T16:39:04","modified_gmt":"2026-04-11T16:39:04","slug":"ao-so-mi-croptop-phoi-co-va-mang-sec","status":"publish","type":"product","link":"https:\/\/phuonguyen.azdigi.shop\/?product=ao-so-mi-croptop-phoi-co-va-mang-sec","title":{"rendered":"\u00c1o s\u01a1 mi croptop ph\u1ed1i c\u1ed5 v\u00e0 m\u0103ng s\u00e9c"},"content":{"rendered":"<p>Trong tr\u1ebbo nh\u01b0 b\u1ea7u tr\u1eddi m\u00f9a thu, chi\u1ebfc \u00e1o s\u01a1 mi k\u1ebb s\u1ecdc d\u1ecdc l\u00e0 m\u1ed9t n\u1ed1t nh\u1ea1c kinh \u0111i\u1ec3n trong b\u1ea3n giao h\u01b0\u1edfng c\u1ee7a phong c\u00e1ch. V\u01b0\u1ee3t qua m\u1ecdi xu h\u01b0\u1edbng, thi\u1ebft k\u1ebf mang \u0111\u1ebfn v\u1ebb \u0111\u1eb9p thanh l\u1ecbch, tinh gi\u1ea3n, l\u00e0 l\u1ef1a ch\u1ecdn c\u1ee7a nh\u1eefng qu\u00fd c\u00f4 y\u00eau m\u1ebfn s\u1ef1 sang tr\u1ecdng th\u1ea7m l\u1eb7ng v\u00e0 n\u00e9t \u0111\u1eb9p tri th\u1ee9c, ph\u00f9 h\u1ee3p v\u1edbi d\u00f2ng ch\u1ea3y c\u1ee7a xu h\u01b0\u1edbng &#8220;quiet luxury&#8221;.<\/p>\n<p><strong>Thi\u1ebft k\u1ebf &amp; \u0110i\u1ec3m nh\u1ea5n<\/strong><br \/>\n\u00c1o s\u1edf h\u1eefu phom d\u00e1ng slim-fit, \u00f4m nh\u1eb9 theo \u0111\u01b0\u1eddng n\u00e9t c\u01a1 th\u1ec3, t\u1ea1o n\u00ean m\u1ed9t v\u1ebb ngo\u00e0i g\u1ecdn g\u00e0ng v\u00e0 t\u00f4n d\u00e1ng. Ph\u1ea7n c\u1ed5 b\u1ebb nh\u1ecdn mang n\u00e9t c\u1ed5 \u0111i\u1ec3n truy\u1ec1n th\u1ed1ng, d\u1ec5 d\u00e0ng k\u1ebft h\u1ee3p c\u00f9ng c\u00e0 v\u1ea1t cho phong c\u00e1ch preppy ho\u1eb7c \u0111\u1ec3 m\u1edf t\u1ef1 nhi\u00ean cho nh\u1eefng ng\u00e0y th\u01b0\u1eddng. H\u1ecda ti\u1ebft s\u1ecdc d\u1ecdc nh\u1ecf tr\u00ean n\u1ec1n xanh nh\u1ea1t kh\u00f4ng ch\u1ec9 gi\u00fap t\u1ea1o hi\u1ec7u \u1ee9ng k\u00e9o d\u00e0i v\u00f3c d\u00e1ng m\u00e0 c\u00f2n mang l\u1ea1i c\u1ea3m gi\u00e1c trang nh\u00e3, kh\u00f4ng \u0111\u01a1n \u0111i\u1ec7u.<\/p>\n<p><strong>Ch\u1ea5t li\u1ec7u &amp; Tr\u1ea3i nghi\u1ec7m<\/strong><br \/>\n\u0110\u01b0\u1ee3c may t\u1eeb ch\u1ea5t li\u1ec7u v\u1ea3i poplin cao c\u1ea5p v\u1edbi th\u00e0nh ph\u1ea7n ch\u00ednh l\u00e0 Poly, chi\u1ebfc \u00e1o c\u00f3 \u0111\u1ed9 \u0111\u1ee9ng form nh\u1eb9 nh\u01b0ng v\u1eabn r\u1ea5t tho\u00e1ng m\u00e1t v\u00e0 tho\u1ea3i m\u00e1i khi m\u1eb7c. B\u1ec1 m\u1eb7t v\u1ea3i m\u1ec1m m\u1ecbn, gi\u00fap n\u00e0ng lu\u00f4n gi\u1eef \u0111\u01b0\u1ee3c v\u1ebb ngo\u00e0i ch\u1ec9n chu, thanh l\u1ecbch su\u1ed1t c\u1ea3 ng\u00e0y d\u00e0i.<\/p>\n<p><strong>Mix &amp; Match<\/strong><br \/>\n\u0110\u00e2y l\u00e0 m\u1ed9t item v\u01b0\u1ee3t th\u1eddi gian, d\u1ec5 d\u00e0ng \u1ee9ng d\u1ee5ng trong nhi\u1ec1u b\u1ed1i c\u1ea3nh.<br \/>\nPhong c\u00e1ch h\u1ecdc \u0111\u01b0\u1eddng: H\u00e3y ph\u1ed1i \u00e1o c\u00f9ng blazer, ch\u00e2n v\u00e1y x\u1ebfp ly v\u00e0 m\u1ed9t chi\u1ebfc c\u00e0 v\u1ea1t \u0111\u1ec3 c\u00f3 set \u0111\u1ed3 preppy ho\u00e0n ch\u1ec9nh.<br \/>\nPhong c\u00e1ch c\u00f4ng s\u1edf: \u00c1o c\u00f3 th\u1ec3 k\u1ebft h\u1ee3p c\u00f9ng qu\u1ea7n t\u00e2y \u1ed1ng \u0111\u1ee9ng ho\u1eb7c ch\u00e2n v\u00e1y b\u00fat ch\u00ec.<br \/>\nPhong c\u00e1ch casual: M\u1ed9t chi\u1ebfc qu\u1ea7n jeans \u1ed1ng r\u1ed9ng v\u00e0 \u0111\u00f4i sneaker tr\u1eafng s\u1ebd l\u00e0 s\u1ef1 l\u1ef1a ch\u1ecdn ho\u00e0n h\u1ea3o cho ng\u00e0y cu\u1ed1i tu\u1ea7n n\u0103ng \u0111\u1ed9ng.<\/p>\n<p><strong>B\u1ea3o qu\u1ea3n<\/strong><br \/>\nDo \u00e1o c\u00f3 th\u00e0nh ph\u1ea7n spandex v\u00e0 cotton, JM khuy\u1ebfn kh\u00edch kh\u00e1ch h\u00e0ng gi\u1eb7t tay nh\u1eb9 nh\u00e0ng v\u00e0 gi\u1eef th\u1eb3ng \u00e1o khi ph\u01a1i \u0111\u1ec3 tr\u00e1nh t\u00e1c \u0111\u1ed9ng m\u1ea1nh, gi\u00fap s\u1ea3n ph\u1ea9m gi\u1eef \u0111\u01b0\u1ee3c form d\u00e1ng t\u1ed1t nh\u1ea5t.<\/p>\n","protected":false},"excerpt":{"rendered":"<p>Trong tr\u1ebbo nh\u01b0 b\u1ea7u tr\u1eddi m\u00f9a thu, chi\u1ebfc \u00e1o s\u01a1 mi k\u1ebb s\u1ecdc d\u1ecdc l\u00e0 m\u1ed9t n\u1ed1t nh\u1ea1c kinh \u0111i\u1ec3n trong b\u1ea3n giao h\u01b0\u1edfng c\u1ee7a phong c\u00e1ch. V\u01b0\u1ee3t qua m\u1ecdi xu h\u01b0\u1edbng, thi\u1ebft k\u1ebf mang \u0111\u1ebfn v\u1ebb \u0111\u1eb9p thanh l\u1ecbch, tinh gi\u1ea3n, l\u00e0 l\u1ef1a ch\u1ecdn c\u1ee7a nh\u1eefng qu\u00fd c\u00f4 y\u00eau m\u1ebfn s\u1ef1 sang tr\u1ecdng th\u1ea7m [&#8230;]\n","protected":false},"featured_media":161,"comment_status":"open","ping_status":"closed","template":"","meta":[],"product_brand":[],"product_cat":[28],"product_tag":[],"class_list":{"0":"post-159","1":"product","2":"type-product","3":"status-publish","4":"has-post-thumbnail","6":"product_cat-ao","8":"first","9":"instock","10":"shipping-taxable","11":"purchasable","12":"product-type-variable"},"yoast_head":"<!-- This site is optimized with the Yoast SEO plugin v27.2 - https:\/\/yoast.com\/product\/yoast-seo-wordpress\/ -->\n<title>\u00c1o s\u01a1 mi croptop ph\u1ed1i c\u1ed5 v\u00e0 m\u0103ng s\u00e9c - Shop th\u1eddi trang<\/title>\n<meta name=\"robots\" content=\"noindex, follow, max-snippet:-1, max-image-preview:large, max-video-preview:-1\" \/>\n<meta property=\"og:locale\" content=\"vi_VN\" \/>\n<meta property=\"og:type\" content=\"article\" \/>\n<meta property=\"og:title\" content=\"\u00c1o s\u01a1 mi croptop ph\u1ed1i c\u1ed5 v\u00e0 m\u0103ng s\u00e9c - Shop th\u1eddi trang\" \/>\n<meta property=\"og:description\" content=\"Trong tr\u1ebbo nh\u01b0 b\u1ea7u tr\u1eddi m\u00f9a thu, chi\u1ebfc \u00e1o s\u01a1 mi k\u1ebb s\u1ecdc d\u1ecdc l\u00e0 m\u1ed9t n\u1ed1t nh\u1ea1c kinh \u0111i\u1ec3n trong b\u1ea3n giao h\u01b0\u1edfng c\u1ee7a phong c\u00e1ch. V\u01b0\u1ee3t qua m\u1ecdi xu h\u01b0\u1edbng, thi\u1ebft k\u1ebf mang \u0111\u1ebfn v\u1ebb \u0111\u1eb9p thanh l\u1ecbch, tinh gi\u1ea3n, l\u00e0 l\u1ef1a ch\u1ecdn c\u1ee7a nh\u1eefng qu\u00fd c\u00f4 y\u00eau m\u1ebfn s\u1ef1 sang tr\u1ecdng th\u1ea7m [...]\" \/>\n<meta property=\"og:url\" content=\"https:\/\/phuonguyen.azdigi.shop\/?product=ao-so-mi-croptop-phoi-co-va-mang-sec\" \/>\n<meta property=\"og:site_name\" content=\"Shop th\u1eddi trang\" \/>\n<meta property=\"og:image\" content=\"https:\/\/phuonguyen.azdigi.shop\/wp-content\/uploads\/2026\/04\/Ao-so-mi-croptop-phoi-co-va-mang-sec-scaled.jpg\" \/>\n\t<meta property=\"og:image:width\" content=\"1707\" \/>\n\t<meta property=\"og:image:height\" content=\"2560\" \/>\n\t<meta property=\"og:image:type\" content=\"image\/jpeg\" \/>\n<meta name=\"twitter:card\" content=\"summary_large_image\" \/>\n<meta name=\"twitter:label1\" content=\"\u01af\u1edbc t\u00ednh th\u1eddi gian \u0111\u1ecdc\" \/>\n\t<meta name=\"twitter:data1\" content=\"3 ph\u00fat\" \/>\n<script type=\"application\/ld+json\" class=\"yoast-schema-graph\">{\"@context\":\"https:\/\/schema.org\",\"@graph\":[{\"@type\":\"WebPage\",\"@id\":\"https:\/\/phuonguyen.azdigi.shop\/?product=ao-so-mi-croptop-phoi-co-va-mang-sec\",\"url\":\"https:\/\/phuonguyen.azdigi.shop\/?product=ao-so-mi-croptop-phoi-co-va-mang-sec\",\"name\":\"\u00c1o s\u01a1 mi croptop ph\u1ed1i c\u1ed5 v\u00e0 m\u0103ng s\u00e9c - Shop th\u1eddi trang\",\"isPartOf\":{\"@id\":\"https:\/\/phuonguyen.azdigi.shop\/#website\"},\"primaryImageOfPage\":{\"@id\":\"https:\/\/phuonguyen.azdigi.shop\/?product=ao-so-mi-croptop-phoi-co-va-mang-sec#primaryimage\"},\"image\":{\"@id\":\"https:\/\/phuonguyen.azdigi.shop\/?product=ao-so-mi-croptop-phoi-co-va-mang-sec#primaryimage\"},\"thumbnailUrl\":\"https:\/\/phuonguyen.azdigi.shop\/wp-content\/uploads\/2026\/04\/Ao-so-mi-croptop-phoi-co-va-mang-sec-scaled.jpg\",\"datePublished\":\"2026-04-11T16:39:04+00:00\",\"breadcrumb\":{\"@id\":\"https:\/\/phuonguyen.azdigi.shop\/?product=ao-so-mi-croptop-phoi-co-va-mang-sec#breadcrumb\"},\"inLanguage\":\"vi\",\"potentialAction\":[{\"@type\":\"ReadAction\",\"target\":[\"https:\/\/phuonguyen.azdigi.shop\/?product=ao-so-mi-croptop-phoi-co-va-mang-sec\"]}]},{\"@type\":\"ImageObject\",\"inLanguage\":\"vi\",\"@id\":\"https:\/\/phuonguyen.azdigi.shop\/?product=ao-so-mi-croptop-phoi-co-va-mang-sec#primaryimage\",\"url\":\"https:\/\/phuonguyen.azdigi.shop\/wp-content\/uploads\/2026\/04\/Ao-so-mi-croptop-phoi-co-va-mang-sec-scaled.jpg\",\"contentUrl\":\"https:\/\/phuonguyen.azdigi.shop\/wp-content\/uploads\/2026\/04\/Ao-so-mi-croptop-phoi-co-va-mang-sec-scaled.jpg\",\"width\":1707,\"height\":2560},{\"@type\":\"BreadcrumbList\",\"@id\":\"https:\/\/phuonguyen.azdigi.shop\/?product=ao-so-mi-croptop-phoi-co-va-mang-sec#breadcrumb\",\"itemListElement\":[{\"@type\":\"ListItem\",\"position\":1,\"name\":\"Trang ch\u1ee7\",\"item\":\"https:\/\/phuonguyen.azdigi.shop\/\"},{\"@type\":\"ListItem\",\"position\":2,\"name\":\"C\u1eeda h\u00e0ng\",\"item\":\"https:\/\/phuonguyen.azdigi.shop\/?page_id=35\"},{\"@type\":\"ListItem\",\"position\":3,\"name\":\"\u00c1o s\u01a1 mi croptop ph\u1ed1i c\u1ed5 v\u00e0 m\u0103ng s\u00e9c\"}]},{\"@type\":\"WebSite\",\"@id\":\"https:\/\/phuonguyen.azdigi.shop\/#website\",\"url\":\"https:\/\/phuonguyen.azdigi.shop\/\",\"name\":\"Shop th\u1eddi trang\",\"description\":\"\",\"potentialAction\":[{\"@type\":\"SearchAction\",\"target\":{\"@type\":\"EntryPoint\",\"urlTemplate\":\"https:\/\/phuonguyen.azdigi.shop\/?s={search_term_string}\"},\"query-input\":{\"@type\":\"PropertyValueSpecification\",\"valueRequired\":true,\"valueName\":\"search_term_string\"}}],\"inLanguage\":\"vi\"}]}<\/script>\n<!-- \/ Yoast SEO plugin. -->","yoast_head_json":{"title":"\u00c1o s\u01a1 mi croptop ph\u1ed1i c\u1ed5 v\u00e0 m\u0103ng s\u00e9c - Shop th\u1eddi trang","robots":{"index":"noindex","follow":"follow","max-snippet":"max-snippet:-1","max-image-preview":"max-image-preview:large","max-video-preview":"max-video-preview:-1"},"og_locale":"vi_VN","og_type":"article","og_title":"\u00c1o s\u01a1 mi croptop ph\u1ed1i c\u1ed5 v\u00e0 m\u0103ng s\u00e9c - Shop th\u1eddi trang","og_description":"Trong tr\u1ebbo nh\u01b0 b\u1ea7u tr\u1eddi m\u00f9a thu, chi\u1ebfc \u00e1o s\u01a1 mi k\u1ebb s\u1ecdc d\u1ecdc l\u00e0 m\u1ed9t n\u1ed1t nh\u1ea1c kinh \u0111i\u1ec3n trong b\u1ea3n giao h\u01b0\u1edfng c\u1ee7a phong c\u00e1ch. V\u01b0\u1ee3t qua m\u1ecdi xu h\u01b0\u1edbng, thi\u1ebft k\u1ebf mang \u0111\u1ebfn v\u1ebb \u0111\u1eb9p thanh l\u1ecbch, tinh gi\u1ea3n, l\u00e0 l\u1ef1a ch\u1ecdn c\u1ee7a nh\u1eefng qu\u00fd c\u00f4 y\u00eau m\u1ebfn s\u1ef1 sang tr\u1ecdng th\u1ea7m [...]","og_url":"https:\/\/phuonguyen.azdigi.shop\/?product=ao-so-mi-croptop-phoi-co-va-mang-sec","og_site_name":"Shop th\u1eddi trang","og_image":[{"width":1707,"height":2560,"url":"https:\/\/phuonguyen.azdigi.shop\/wp-content\/uploads\/2026\/04\/Ao-so-mi-croptop-phoi-co-va-mang-sec-scaled.jpg","type":"image\/jpeg"}],"twitter_card":"summary_large_image","twitter_misc":{"\u01af\u1edbc t\u00ednh th\u1eddi gian \u0111\u1ecdc":"3 ph\u00fat"},"schema":{"@context":"https:\/\/schema.org","@graph":[{"@type":"WebPage","@id":"https:\/\/phuonguyen.azdigi.shop\/?product=ao-so-mi-croptop-phoi-co-va-mang-sec","url":"https:\/\/phuonguyen.azdigi.shop\/?product=ao-so-mi-croptop-phoi-co-va-mang-sec","name":"\u00c1o s\u01a1 mi croptop ph\u1ed1i c\u1ed5 v\u00e0 m\u0103ng s\u00e9c - Shop th\u1eddi trang","isPartOf":{"@id":"https:\/\/phuonguyen.azdigi.shop\/#website"},"primaryImageOfPage":{"@id":"https:\/\/phuonguyen.azdigi.shop\/?product=ao-so-mi-croptop-phoi-co-va-mang-sec#primaryimage"},"image":{"@id":"https:\/\/phuonguyen.azdigi.shop\/?product=ao-so-mi-croptop-phoi-co-va-mang-sec#primaryimage"},"thumbnailUrl":"https:\/\/phuonguyen.azdigi.shop\/wp-content\/uploads\/2026\/04\/Ao-so-mi-croptop-phoi-co-va-mang-sec-scaled.jpg","datePublished":"2026-04-11T16:39:04+00:00","breadcrumb":{"@id":"https:\/\/phuonguyen.azdigi.shop\/?product=ao-so-mi-croptop-phoi-co-va-mang-sec#breadcrumb"},"inLanguage":"vi","potentialAction":[{"@type":"ReadAction","target":["https:\/\/phuonguyen.azdigi.shop\/?product=ao-so-mi-croptop-phoi-co-va-mang-sec"]}]},{"@type":"ImageObject","inLanguage":"vi","@id":"https:\/\/phuonguyen.azdigi.shop\/?product=ao-so-mi-croptop-phoi-co-va-mang-sec#primaryimage","url":"https:\/\/phuonguyen.azdigi.shop\/wp-content\/uploads\/2026\/04\/Ao-so-mi-croptop-phoi-co-va-mang-sec-scaled.jpg","contentUrl":"https:\/\/phuonguyen.azdigi.shop\/wp-content\/uploads\/2026\/04\/Ao-so-mi-croptop-phoi-co-va-mang-sec-scaled.jpg","width":1707,"height":2560},{"@type":"BreadcrumbList","@id":"https:\/\/phuonguyen.azdigi.shop\/?product=ao-so-mi-croptop-phoi-co-va-mang-sec#breadcrumb","itemListElement":[{"@type":"ListItem","position":1,"name":"Trang ch\u1ee7","item":"https:\/\/phuonguyen.azdigi.shop\/"},{"@type":"ListItem","position":2,"name":"C\u1eeda h\u00e0ng","item":"https:\/\/phuonguyen.azdigi.shop\/?page_id=35"},{"@type":"ListItem","position":3,"name":"\u00c1o s\u01a1 mi croptop ph\u1ed1i c\u1ed5 v\u00e0 m\u0103ng s\u00e9c"}]},{"@type":"WebSite","@id":"https:\/\/phuonguyen.azdigi.shop\/#website","url":"https:\/\/phuonguyen.azdigi.shop\/","name":"Shop th\u1eddi trang","description":"","potentialAction":[{"@type":"SearchAction","target":{"@type":"EntryPoint","urlTemplate":"https:\/\/phuonguyen.azdigi.shop\/?s={search_term_string}"},"query-input":{"@type":"PropertyValueSpecification","valueRequired":true,"valueName":"search_term_string"}}],"inLanguage":"vi"}]}},"jetpack_sharing_enabled":true,"_links":{"self":[{"href":"https:\/\/phuonguyen.azdigi.shop\/index.php?rest_route=\/wp\/v2\/product\/159","targetHints":{"allow":["GET"]}}],"collection":[{"href":"https:\/\/phuonguyen.azdigi.shop\/index.php?rest_route=\/wp\/v2\/product"}],"about":[{"href":"https:\/\/phuonguyen.azdigi.shop\/index.php?rest_route=\/wp\/v2\/types\/product"}],"replies":[{"embeddable":true,"href":"https:\/\/phuonguyen.azdigi.shop\/index.php?rest_route=%2Fwp%2Fv2%2Fcomments&post=159"}],"wp:featuredmedia":[{"embeddable":true,"href":"https:\/\/phuonguyen.azdigi.shop\/index.php?rest_route=\/wp\/v2\/media\/161"}],"wp:attachment":[{"href":"https:\/\/phuonguyen.azdigi.shop\/index.php?rest_route=%2Fwp%2Fv2%2Fmedia&parent=159"}],"wp:term":[{"taxonomy":"product_brand","embeddable":true,"href":"https:\/\/phuonguyen.azdigi.shop\/index.php?rest_route=%2Fwp%2Fv2%2Fproduct_brand&post=159"},{"taxonomy":"product_cat","embeddable":true,"href":"https:\/\/phuonguyen.azdigi.shop\/index.php?rest_route=%2Fwp%2Fv2%2Fproduct_cat&post=159"},{"taxonomy":"product_tag","embeddable":true,"href":"https:\/\/phuonguyen.azdigi.shop\/index.php?rest_route=%2Fwp%2Fv2%2Fproduct_tag&post=159"}],"curies":[{"name":"wp","href":"https:\/\/api.w.org\/{rel}","templated":true}]}}