{"id":167,"date":"2026-04-11T16:44:51","date_gmt":"2026-04-11T16:44:51","guid":{"rendered":"https:\/\/phuonguyen.azdigi.shop\/?post_type=product&#038;p=167"},"modified":"2026-04-11T16:44:51","modified_gmt":"2026-04-11T16:44:51","slug":"ao-so-mi-co-duc-duoi-tom-dem-vai","status":"publish","type":"product","link":"https:\/\/phuonguyen.azdigi.shop\/?product=ao-so-mi-co-duc-duoi-tom-dem-vai","title":{"rendered":"\u00c1o s\u01a1 mi c\u1ed5 \u0111\u1ee9c \u0111u\u00f4i t\u00f4m \u0111\u1ec7m vai"},"content":{"rendered":"<div class=\"content descriptionProduct boxItem\" data-name=\"information\">\n<div class=\"descriptionContent\">\n<p>T\u1ef1a nh\u01b0 m\u1ed9t th\u00f3i quen \u0111\u1eb9p \u0111\u01b0\u1ee3c g\u00ecn gi\u1eef qua n\u0103m th\u00e1ng, thi\u1ebft k\u1ebf mang \u0111\u1ebfn c\u1ea3m gi\u00e1c ch\u1ec9n chu r\u1ea5t t\u1ef1 nhi\u00ean \u2013 n\u01a1i v\u1ebb n\u1eef t\u00ednh kh\u00f4ng c\u1ea7n ph\u00f4 b\u00e0y, m\u00e0 to\u00e1t l\u00ean t\u1eeb s\u1ef1 g\u1ecdn g\u00e0ng v\u00e0 tinh gi\u1ea3n. Phom d\u00e1ng quen thu\u1ed9c, \u0111\u01b0\u1eddng n\u00e9t r\u00f5 r\u00e0ng nh\u01b0 ph\u1ea3n chi\u1ebfu phong th\u00e1i c\u1ee7a ng\u01b0\u1eddi ph\u1ee5 n\u1eef hi\u1ec7n \u0111\u1ea1i: \u0111i\u1ec1m \u0111\u1ea1m, c\u00f3 gu v\u00e0 bi\u1ebft m\u00ecnh c\u1ea7n g\u00ec. Trong \u201cM\u1ea3nh K\u00fd \u1ee8c\u201d, chi\u1ebfc \u00e1o l\u00e0 n\u1ec1n t\u1ea3ng l\u1eb7ng l\u1ebd nh\u01b0ng b\u1ec1n b\u1ec9 \u2013 n\u01a1i phong c\u00e1ch \u0111\u01b0\u1ee3c x\u00e2y d\u1ef1ng t\u1eeb nh\u1eefng l\u1ef1a ch\u1ecdn chu\u1ea9n m\u1ef1c v\u00e0 \u0111\u1ea7y ch\u1ee7 \u00fd.<\/p>\n<p><strong>Thi\u1ebft k\u1ebf<\/strong><br \/>\n\u00c1o s\u01a1 mi d\u00e1ng \u00f4m nh\u1eb9 v\u1edbi phom chi\u1ebft eo v\u1eeba ph\u1ea3i, gi\u00fap t\u00f4n d\u00e1ng m\u00e0 v\u1eabn mang l\u1ea1i c\u1ea3m gi\u00e1c tho\u1ea3i m\u00e1i khi m\u1eb7c. C\u1ed5 s\u01a1 mi c\u1ed5 \u0111i\u1ec3n v\u1edbi b\u1ea3n c\u1ed5 v\u1eeba v\u00e0 \u0111\u1ea7u c\u1ed5 nh\u1ecdn nh\u1eb9 t\u1ea1o c\u1ea3m gi\u00e1c ph\u1ea7n c\u1ed5 cao v\u00e0 g\u1ecdn g\u00e0ng h\u01a1n.<br \/>\nTay d\u00e0i v\u1edbi m\u0103ng s\u00e9c b\u1ea3n to, gi\u00fap t\u1ed5ng th\u1ec3 thi\u1ebft k\u1ebf th\u00eam ch\u1ec9n chu v\u00e0 s\u1eafc n\u00e9t.<\/p>\n<p><strong>Ch\u1ea5t li\u1ec7u<\/strong><br \/>\nThi\u1ebft k\u1ebf s\u1eed d\u1ee5ng ch\u1ea5t poly c\u00f3 \u0111\u1ed9 \u0111\u1ee9ng v\u1eeba ph\u1ea3i, gi\u1eef phom \u00e1o g\u1ecdn g\u00e0ng v\u00e0 \u1ed5n \u0111\u1ecbnh. B\u1ec1 m\u1eb7t v\u1ea3i m\u1ecbn, \u00edt nh\u0103n, mang l\u1ea1i c\u1ea3m gi\u00e1c d\u1ec5 ch\u1ecbu khi m\u1eb7c c\u1ea3 ng\u00e0y v\u00e0 ph\u00f9 h\u1ee3p v\u1edbi m\u00f4i tr\u01b0\u1eddng c\u00f4ng s\u1edf n\u0103ng \u0111\u1ed9ng.<\/p>\n<p><strong>Ph\u1ed1i \u0111\u1ed3<\/strong><br \/>\nPh\u1ed1i c\u00f9ng ch\u00e2n v\u00e1y ch\u1eef A \u0111\u1ed3ng b\u1ed9 \u0111\u1ec3 t\u1ea1o set \u0111\u1ed3 c\u00f4ng s\u1edf thanh l\u1ecbch, ch\u1ec9n chu. D\u1ec5 d\u00e0ng k\u1ebft h\u1ee3p v\u1edbi qu\u1ea7n \u00e2u ho\u1eb7c ch\u00e2n v\u00e1y midi cho phong c\u00e1ch v\u0103n ph\u00f2ng tinh gi\u1ea3n.<br \/>\nHo\u00e0n thi\u1ec7n t\u1ed5ng th\u1ec3 v\u1edbi t\u00fai x\u00e1ch d\u00e1ng c\u1ee9ng v\u00e0 gi\u00e0y cao g\u00f3t th\u1ea5p \u0111\u1ec3 gi\u1eef v\u1ebb ngo\u00e0i chuy\u00ean nghi\u1ec7p, tinh t\u1ebf.<\/p>\n<p><strong>H\u01b0\u1edbng d\u1eabn b\u1ea3o qu\u1ea3n<\/strong><br \/>\n&#8211; Khuy\u1ebfn kh\u00edch gi\u1eb7t tay nh\u1eb9 nh\u00e0ng, tr\u00e1nh v\u00f2 xo\u1eafn m\u1ea1nh.<br \/>\n&#8211; Kh\u00f4ng s\u1eed d\u1ee5ng ch\u1ea5t t\u1ea9y m\u1ea1nh \u0111\u1ec3 gi\u1eef m\u00e0u s\u1eafc v\u00e0 form d\u00e1ng s\u1ea3n ph\u1ea9m.<br \/>\n&#8211; Ph\u01a1i trong b\u00f3ng r\u00e2m \u0111\u1ec3 \u0111\u1ea3m b\u1ea3o \u0111\u1ed9 b\u1ec1n c\u1ee7a ch\u1ea5t li\u1ec7u.<\/p>\n<\/div>\n<\/div>\n<div class=\"content descriptionProduct\">\n<div class=\"title-content\">\n<h2><\/h2>\n<\/div>\n<\/div>\n","protected":false},"excerpt":{"rendered":"<p>T\u1ef1a nh\u01b0 m\u1ed9t th\u00f3i quen \u0111\u1eb9p \u0111\u01b0\u1ee3c g\u00ecn gi\u1eef qua n\u0103m th\u00e1ng, thi\u1ebft k\u1ebf mang \u0111\u1ebfn c\u1ea3m gi\u00e1c ch\u1ec9n chu r\u1ea5t t\u1ef1 nhi\u00ean \u2013 n\u01a1i v\u1ebb n\u1eef t\u00ednh kh\u00f4ng c\u1ea7n ph\u00f4 b\u00e0y, m\u00e0 to\u00e1t l\u00ean t\u1eeb s\u1ef1 g\u1ecdn g\u00e0ng v\u00e0 tinh gi\u1ea3n. Phom d\u00e1ng quen thu\u1ed9c, \u0111\u01b0\u1eddng n\u00e9t r\u00f5 r\u00e0ng nh\u01b0 ph\u1ea3n chi\u1ebfu phong th\u00e1i [&#8230;]\n","protected":false},"featured_media":168,"comment_status":"open","ping_status":"closed","template":"","meta":[],"product_brand":[],"product_cat":[28],"product_tag":[],"class_list":{"0":"post-167","1":"product","2":"type-product","3":"status-publish","4":"has-post-thumbnail","6":"product_cat-ao","8":"first","9":"instock","10":"shipping-taxable","11":"purchasable","12":"product-type-variable"},"yoast_head":"<!-- This site is optimized with the Yoast SEO plugin v27.2 - https:\/\/yoast.com\/product\/yoast-seo-wordpress\/ -->\n<title>\u00c1o s\u01a1 mi c\u1ed5 \u0111\u1ee9c \u0111u\u00f4i t\u00f4m \u0111\u1ec7m vai - Shop th\u1eddi trang<\/title>\n<meta name=\"robots\" content=\"noindex, follow, max-snippet:-1, max-image-preview:large, max-video-preview:-1\" \/>\n<meta property=\"og:locale\" content=\"vi_VN\" \/>\n<meta property=\"og:type\" content=\"article\" \/>\n<meta property=\"og:title\" content=\"\u00c1o s\u01a1 mi c\u1ed5 \u0111\u1ee9c \u0111u\u00f4i t\u00f4m \u0111\u1ec7m vai - Shop th\u1eddi trang\" \/>\n<meta property=\"og:description\" content=\"T\u1ef1a nh\u01b0 m\u1ed9t th\u00f3i quen \u0111\u1eb9p \u0111\u01b0\u1ee3c g\u00ecn gi\u1eef qua n\u0103m th\u00e1ng, thi\u1ebft k\u1ebf mang \u0111\u1ebfn c\u1ea3m gi\u00e1c ch\u1ec9n chu r\u1ea5t t\u1ef1 nhi\u00ean \u2013 n\u01a1i v\u1ebb n\u1eef t\u00ednh kh\u00f4ng c\u1ea7n ph\u00f4 b\u00e0y, m\u00e0 to\u00e1t l\u00ean t\u1eeb s\u1ef1 g\u1ecdn g\u00e0ng v\u00e0 tinh gi\u1ea3n. Phom d\u00e1ng quen thu\u1ed9c, \u0111\u01b0\u1eddng n\u00e9t r\u00f5 r\u00e0ng nh\u01b0 ph\u1ea3n chi\u1ebfu phong th\u00e1i [...]\" \/>\n<meta property=\"og:url\" content=\"https:\/\/phuonguyen.azdigi.shop\/?product=ao-so-mi-co-duc-duoi-tom-dem-vai\" \/>\n<meta property=\"og:site_name\" content=\"Shop th\u1eddi trang\" \/>\n<meta property=\"og:image\" content=\"https:\/\/phuonguyen.azdigi.shop\/wp-content\/uploads\/2026\/04\/Ao-so-mi-co-duc-duoi-tom-dem-vai-scaled.jpg\" \/>\n\t<meta property=\"og:image:width\" content=\"1708\" \/>\n\t<meta property=\"og:image:height\" content=\"2560\" \/>\n\t<meta property=\"og:image:type\" content=\"image\/jpeg\" \/>\n<meta name=\"twitter:card\" content=\"summary_large_image\" \/>\n<meta name=\"twitter:label1\" content=\"\u01af\u1edbc t\u00ednh th\u1eddi gian \u0111\u1ecdc\" \/>\n\t<meta name=\"twitter:data1\" content=\"2 ph\u00fat\" \/>\n<script type=\"application\/ld+json\" class=\"yoast-schema-graph\">{\"@context\":\"https:\/\/schema.org\",\"@graph\":[{\"@type\":\"WebPage\",\"@id\":\"https:\/\/phuonguyen.azdigi.shop\/?product=ao-so-mi-co-duc-duoi-tom-dem-vai\",\"url\":\"https:\/\/phuonguyen.azdigi.shop\/?product=ao-so-mi-co-duc-duoi-tom-dem-vai\",\"name\":\"\u00c1o s\u01a1 mi c\u1ed5 \u0111\u1ee9c \u0111u\u00f4i t\u00f4m \u0111\u1ec7m vai - Shop th\u1eddi trang\",\"isPartOf\":{\"@id\":\"https:\/\/phuonguyen.azdigi.shop\/#website\"},\"primaryImageOfPage\":{\"@id\":\"https:\/\/phuonguyen.azdigi.shop\/?product=ao-so-mi-co-duc-duoi-tom-dem-vai#primaryimage\"},\"image\":{\"@id\":\"https:\/\/phuonguyen.azdigi.shop\/?product=ao-so-mi-co-duc-duoi-tom-dem-vai#primaryimage\"},\"thumbnailUrl\":\"https:\/\/phuonguyen.azdigi.shop\/wp-content\/uploads\/2026\/04\/Ao-so-mi-co-duc-duoi-tom-dem-vai-scaled.jpg\",\"datePublished\":\"2026-04-11T16:44:51+00:00\",\"breadcrumb\":{\"@id\":\"https:\/\/phuonguyen.azdigi.shop\/?product=ao-so-mi-co-duc-duoi-tom-dem-vai#breadcrumb\"},\"inLanguage\":\"vi\",\"potentialAction\":[{\"@type\":\"ReadAction\",\"target\":[\"https:\/\/phuonguyen.azdigi.shop\/?product=ao-so-mi-co-duc-duoi-tom-dem-vai\"]}]},{\"@type\":\"ImageObject\",\"inLanguage\":\"vi\",\"@id\":\"https:\/\/phuonguyen.azdigi.shop\/?product=ao-so-mi-co-duc-duoi-tom-dem-vai#primaryimage\",\"url\":\"https:\/\/phuonguyen.azdigi.shop\/wp-content\/uploads\/2026\/04\/Ao-so-mi-co-duc-duoi-tom-dem-vai-scaled.jpg\",\"contentUrl\":\"https:\/\/phuonguyen.azdigi.shop\/wp-content\/uploads\/2026\/04\/Ao-so-mi-co-duc-duoi-tom-dem-vai-scaled.jpg\",\"width\":1708,\"height\":2560,\"caption\":\"{\\\"ARInfo\\\":{\\\"IsUseAR\\\":false},\\\"Version\\\":\\\"1.0.0\\\",\\\"MakeupInfo\\\":{\\\"IsUseMakeup\\\":false},\\\"FaceliftInfo\\\":{\\\"IsChangeEyeLift\\\":false,\\\"IsChangeFacelift\\\":false,\\\"IsChangePostureLift\\\":false,\\\"IsChangeNose\\\":false,\\\"IsChangeFaceChin\\\":false,\\\"IsChangeMouth\\\":false,\\\"IsChangeThinFace\\\":false},\\\"BeautyInfo\\\":{\\\"SwitchMedicatedAcne\\\":false,\\\"IsAIBeauty\\\":false,\\\"IsBrightEyes\\\":false,\\\"IsSharpen\\\":false,\\\"IsOldBeauty\\\":false,\\\"IsReduceBlackEyes\\\":false},\\\"HandlerInfo\\\":{\\\"AppName\\\":2},\\\"FilterInfo\\\":{\\\"IsUseFilter\\\":false}}\"},{\"@type\":\"BreadcrumbList\",\"@id\":\"https:\/\/phuonguyen.azdigi.shop\/?product=ao-so-mi-co-duc-duoi-tom-dem-vai#breadcrumb\",\"itemListElement\":[{\"@type\":\"ListItem\",\"position\":1,\"name\":\"Trang ch\u1ee7\",\"item\":\"https:\/\/phuonguyen.azdigi.shop\/\"},{\"@type\":\"ListItem\",\"position\":2,\"name\":\"C\u1eeda h\u00e0ng\",\"item\":\"https:\/\/phuonguyen.azdigi.shop\/?page_id=35\"},{\"@type\":\"ListItem\",\"position\":3,\"name\":\"\u00c1o s\u01a1 mi c\u1ed5 \u0111\u1ee9c \u0111u\u00f4i t\u00f4m \u0111\u1ec7m vai\"}]},{\"@type\":\"WebSite\",\"@id\":\"https:\/\/phuonguyen.azdigi.shop\/#website\",\"url\":\"https:\/\/phuonguyen.azdigi.shop\/\",\"name\":\"Shop th\u1eddi trang\",\"description\":\"\",\"potentialAction\":[{\"@type\":\"SearchAction\",\"target\":{\"@type\":\"EntryPoint\",\"urlTemplate\":\"https:\/\/phuonguyen.azdigi.shop\/?s={search_term_string}\"},\"query-input\":{\"@type\":\"PropertyValueSpecification\",\"valueRequired\":true,\"valueName\":\"search_term_string\"}}],\"inLanguage\":\"vi\"}]}<\/script>\n<!-- \/ Yoast SEO plugin. -->","yoast_head_json":{"title":"\u00c1o s\u01a1 mi c\u1ed5 \u0111\u1ee9c \u0111u\u00f4i t\u00f4m \u0111\u1ec7m vai - Shop th\u1eddi trang","robots":{"index":"noindex","follow":"follow","max-snippet":"max-snippet:-1","max-image-preview":"max-image-preview:large","max-video-preview":"max-video-preview:-1"},"og_locale":"vi_VN","og_type":"article","og_title":"\u00c1o s\u01a1 mi c\u1ed5 \u0111\u1ee9c \u0111u\u00f4i t\u00f4m \u0111\u1ec7m vai - Shop th\u1eddi trang","og_description":"T\u1ef1a nh\u01b0 m\u1ed9t th\u00f3i quen \u0111\u1eb9p \u0111\u01b0\u1ee3c g\u00ecn gi\u1eef qua n\u0103m th\u00e1ng, thi\u1ebft k\u1ebf mang \u0111\u1ebfn c\u1ea3m gi\u00e1c ch\u1ec9n chu r\u1ea5t t\u1ef1 nhi\u00ean \u2013 n\u01a1i v\u1ebb n\u1eef t\u00ednh kh\u00f4ng c\u1ea7n ph\u00f4 b\u00e0y, m\u00e0 to\u00e1t l\u00ean t\u1eeb s\u1ef1 g\u1ecdn g\u00e0ng v\u00e0 tinh gi\u1ea3n. Phom d\u00e1ng quen thu\u1ed9c, \u0111\u01b0\u1eddng n\u00e9t r\u00f5 r\u00e0ng nh\u01b0 ph\u1ea3n chi\u1ebfu phong th\u00e1i [...]","og_url":"https:\/\/phuonguyen.azdigi.shop\/?product=ao-so-mi-co-duc-duoi-tom-dem-vai","og_site_name":"Shop th\u1eddi trang","og_image":[{"width":1708,"height":2560,"url":"https:\/\/phuonguyen.azdigi.shop\/wp-content\/uploads\/2026\/04\/Ao-so-mi-co-duc-duoi-tom-dem-vai-scaled.jpg","type":"image\/jpeg"}],"twitter_card":"summary_large_image","twitter_misc":{"\u01af\u1edbc t\u00ednh th\u1eddi gian \u0111\u1ecdc":"2 ph\u00fat"},"schema":{"@context":"https:\/\/schema.org","@graph":[{"@type":"WebPage","@id":"https:\/\/phuonguyen.azdigi.shop\/?product=ao-so-mi-co-duc-duoi-tom-dem-vai","url":"https:\/\/phuonguyen.azdigi.shop\/?product=ao-so-mi-co-duc-duoi-tom-dem-vai","name":"\u00c1o s\u01a1 mi c\u1ed5 \u0111\u1ee9c \u0111u\u00f4i t\u00f4m \u0111\u1ec7m vai - Shop th\u1eddi trang","isPartOf":{"@id":"https:\/\/phuonguyen.azdigi.shop\/#website"},"primaryImageOfPage":{"@id":"https:\/\/phuonguyen.azdigi.shop\/?product=ao-so-mi-co-duc-duoi-tom-dem-vai#primaryimage"},"image":{"@id":"https:\/\/phuonguyen.azdigi.shop\/?product=ao-so-mi-co-duc-duoi-tom-dem-vai#primaryimage"},"thumbnailUrl":"https:\/\/phuonguyen.azdigi.shop\/wp-content\/uploads\/2026\/04\/Ao-so-mi-co-duc-duoi-tom-dem-vai-scaled.jpg","datePublished":"2026-04-11T16:44:51+00:00","breadcrumb":{"@id":"https:\/\/phuonguyen.azdigi.shop\/?product=ao-so-mi-co-duc-duoi-tom-dem-vai#breadcrumb"},"inLanguage":"vi","potentialAction":[{"@type":"ReadAction","target":["https:\/\/phuonguyen.azdigi.shop\/?product=ao-so-mi-co-duc-duoi-tom-dem-vai"]}]},{"@type":"ImageObject","inLanguage":"vi","@id":"https:\/\/phuonguyen.azdigi.shop\/?product=ao-so-mi-co-duc-duoi-tom-dem-vai#primaryimage","url":"https:\/\/phuonguyen.azdigi.shop\/wp-content\/uploads\/2026\/04\/Ao-so-mi-co-duc-duoi-tom-dem-vai-scaled.jpg","contentUrl":"https:\/\/phuonguyen.azdigi.shop\/wp-content\/uploads\/2026\/04\/Ao-so-mi-co-duc-duoi-tom-dem-vai-scaled.jpg","width":1708,"height":2560,"caption":"{\"ARInfo\":{\"IsUseAR\":false},\"Version\":\"1.0.0\",\"MakeupInfo\":{\"IsUseMakeup\":false},\"FaceliftInfo\":{\"IsChangeEyeLift\":false,\"IsChangeFacelift\":false,\"IsChangePostureLift\":false,\"IsChangeNose\":false,\"IsChangeFaceChin\":false,\"IsChangeMouth\":false,\"IsChangeThinFace\":false},\"BeautyInfo\":{\"SwitchMedicatedAcne\":false,\"IsAIBeauty\":false,\"IsBrightEyes\":false,\"IsSharpen\":false,\"IsOldBeauty\":false,\"IsReduceBlackEyes\":false},\"HandlerInfo\":{\"AppName\":2},\"FilterInfo\":{\"IsUseFilter\":false}}"},{"@type":"BreadcrumbList","@id":"https:\/\/phuonguyen.azdigi.shop\/?product=ao-so-mi-co-duc-duoi-tom-dem-vai#breadcrumb","itemListElement":[{"@type":"ListItem","position":1,"name":"Trang ch\u1ee7","item":"https:\/\/phuonguyen.azdigi.shop\/"},{"@type":"ListItem","position":2,"name":"C\u1eeda h\u00e0ng","item":"https:\/\/phuonguyen.azdigi.shop\/?page_id=35"},{"@type":"ListItem","position":3,"name":"\u00c1o s\u01a1 mi c\u1ed5 \u0111\u1ee9c \u0111u\u00f4i t\u00f4m \u0111\u1ec7m vai"}]},{"@type":"WebSite","@id":"https:\/\/phuonguyen.azdigi.shop\/#website","url":"https:\/\/phuonguyen.azdigi.shop\/","name":"Shop th\u1eddi trang","description":"","potentialAction":[{"@type":"SearchAction","target":{"@type":"EntryPoint","urlTemplate":"https:\/\/phuonguyen.azdigi.shop\/?s={search_term_string}"},"query-input":{"@type":"PropertyValueSpecification","valueRequired":true,"valueName":"search_term_string"}}],"inLanguage":"vi"}]}},"jetpack_sharing_enabled":true,"_links":{"self":[{"href":"https:\/\/phuonguyen.azdigi.shop\/index.php?rest_route=\/wp\/v2\/product\/167","targetHints":{"allow":["GET"]}}],"collection":[{"href":"https:\/\/phuonguyen.azdigi.shop\/index.php?rest_route=\/wp\/v2\/product"}],"about":[{"href":"https:\/\/phuonguyen.azdigi.shop\/index.php?rest_route=\/wp\/v2\/types\/product"}],"replies":[{"embeddable":true,"href":"https:\/\/phuonguyen.azdigi.shop\/index.php?rest_route=%2Fwp%2Fv2%2Fcomments&post=167"}],"wp:featuredmedia":[{"embeddable":true,"href":"https:\/\/phuonguyen.azdigi.shop\/index.php?rest_route=\/wp\/v2\/media\/168"}],"wp:attachment":[{"href":"https:\/\/phuonguyen.azdigi.shop\/index.php?rest_route=%2Fwp%2Fv2%2Fmedia&parent=167"}],"wp:term":[{"taxonomy":"product_brand","embeddable":true,"href":"https:\/\/phuonguyen.azdigi.shop\/index.php?rest_route=%2Fwp%2Fv2%2Fproduct_brand&post=167"},{"taxonomy":"product_cat","embeddable":true,"href":"https:\/\/phuonguyen.azdigi.shop\/index.php?rest_route=%2Fwp%2Fv2%2Fproduct_cat&post=167"},{"taxonomy":"product_tag","embeddable":true,"href":"https:\/\/phuonguyen.azdigi.shop\/index.php?rest_route=%2Fwp%2Fv2%2Fproduct_tag&post=167"}],"curies":[{"name":"wp","href":"https:\/\/api.w.org\/{rel}","templated":true}]}}