{"id":175,"date":"2026-04-11T17:08:31","date_gmt":"2026-04-11T17:08:31","guid":{"rendered":"https:\/\/phuonguyen.azdigi.shop\/?post_type=product&#038;p=175"},"modified":"2026-04-11T17:13:29","modified_gmt":"2026-04-11T17:13:29","slug":"quan-resort-2-ly-bung","status":"publish","type":"product","link":"https:\/\/phuonguyen.azdigi.shop\/?product=quan-resort-2-ly-bung","title":{"rendered":"Qu\u1ea7n Resort 2 ly bung"},"content":{"rendered":"<p>M\u1ed9t bu\u1ed5i s\u00e1ng ch\u1eadm r\u00e3i, \u00e1nh n\u1eafng nh\u1eb9 ph\u1ee7 l\u00ean m\u1ecdi th\u1ee9 xung quanh, \u0111\u1ee7 \u0111\u1ec3 n\u00e0ng v\u1eeba t\u1eadn h\u01b0\u1edfng, v\u1eeba s\u1eafp x\u1ebfp l\u1ea1i nh\u1eefng \u0111i\u1ec1u c\u00f2n dang d\u1edf theo c\u00e1ch nh\u1eb9 nh\u00e0ng h\u01a1n. Trong nh\u1eefng kho\u1ea3nh kh\u1eafc \u1ea5y, n\u00e0ng \u01b0u ti\u00ean nh\u1eefng thi\u1ebft k\u1ebf mang l\u1ea1i c\u1ea3m gi\u00e1c tho\u1ea3i m\u00e1i nh\u01b0ng v\u1eabn gi\u1eef \u0111\u01b0\u1ee3c s\u1ef1 thanh l\u1ecbch c\u1ea7n thi\u1ebft. Chi\u1ebfc qu\u1ea7n \u1ed1ng r\u1ed9ng v\u1edbi phom d\u00e1ng su\u00f4ng d\u00e0i tr\u1edf th\u00e0nh l\u1ef1a ch\u1ecdn t\u1ef1 nhi\u00ean \u2013 kh\u00f4ng c\u1ea7u k\u1ef3, kh\u00f4ng g\u00f2 b\u00f3, nh\u01b0ng \u0111\u1ee7 tinh t\u1ebf \u0111\u1ec3 \u0111\u1ed3ng h\u00e0nh c\u00f9ng n\u00e0ng t\u1eeb nh\u1eefng bu\u1ed5i d\u1ea1o b\u01b0\u1edbc \u0111\u1ebfn nh\u1eefng cu\u1ed9c g\u1eb7p g\u1ee1 nh\u1eb9 nh\u00e0ng.<\/p>\n<p><strong>Thi\u1ebft k\u1ebf<\/strong><br \/>\nQu\u1ea7n d\u00e1ng \u1ed1ng r\u1ed9ng su\u00f4ng (wide-leg) v\u1edbi \u0111\u1ed9 d\u00e0i ch\u1ea1m ho\u1eb7c ph\u1ee7 nh\u1eb9 gi\u00e0y, t\u1ea1o hi\u1ec7u \u1ee9ng k\u00e9o d\u00e0i \u0111\u00f4i ch\u00e2n v\u00e0 gi\u00fap t\u1ed5ng th\u1ec3 tr\u1edf n\u00ean thanh tho\u00e1t h\u01a1n. Ph\u1ea7n c\u1ea1p cao gi\u00fap t\u00f4n eo, c\u00e2n \u0111\u1ed1i t\u1ef7 l\u1ec7 c\u01a1 th\u1ec3, trong khi thi\u1ebft k\u1ebf t\u1ed1i gi\u1ea3n, kh\u00f4ng chi ti\u1ebft th\u1eeba gi\u1eef tr\u1ecdn tinh th\u1ea7n tinh t\u1ebf v\u00e0 hi\u1ec7n \u0111\u1ea1i. Phom d\u00e1ng r\u1ed9ng r\u00e3i mang l\u1ea1i s\u1ef1 tho\u1ea3i m\u00e1i khi di chuy\u1ec3n, \u0111\u1ed3ng th\u1eddi che khuy\u1ebft \u0111i\u1ec3m ph\u1ea7n h\u00f4ng v\u00e0 ch\u00e2n hi\u1ec7u qu\u1ea3.<\/p>\n<p><strong>Ch\u1ea5t li\u1ec7u<\/strong><br \/>\nS\u1ea3n ph\u1ea9m s\u1eed d\u1ee5ng ch\u1ea5t li\u1ec7u linen v\u1edbi th\u00e0nh ph\u1ea7n ch\u1ee7 y\u1ebfu polyester k\u1ebft h\u1ee3p cotton v\u00e0 spandex. V\u1ea3i nh\u1eb9, tho\u00e1ng, c\u00f3 \u0111\u1ed9 r\u1ee7 t\u1ef1 nhi\u00ean, mang l\u1ea1i c\u1ea3m gi\u00e1c d\u1ec5 ch\u1ecbu khi m\u1eb7c trong th\u1eddi ti\u1ebft m\u00f9a h\u00e8. Ch\u1ea5t li\u1ec7u gi\u1eef \u0111\u00fang tinh th\u1ea7n ngh\u1ec9 d\u01b0\u1ee1ng \u2013 th\u01b0 th\u00e1i, m\u1ec1m m\u1ea1i nh\u01b0ng v\u1eabn \u0111\u1ea3m b\u1ea3o s\u1ef1 ch\u1ec9n chu trong t\u1ed5ng th\u1ec3 trang ph\u1ee5c.<\/p>\n<p><strong>Ph\u1ed1i \u0111\u1ed3<\/strong><br \/>\nThi\u1ebft k\u1ebf d\u1ec5 d\u00e0ng k\u1ebft h\u1ee3p c\u00f9ng \u00e1o peplum ho\u1eb7c c\u00e1c d\u00e1ng \u00e1o t\u1ed1i gi\u1ea3n \u0111\u1ec3 t\u1ea1o t\u1ed5ng th\u1ec3 thanh l\u1ecbch v\u00e0 h\u00e0i h\u00f2a. Khi ph\u1ed1i \u0111\u1ed3ng b\u1ed9 v\u1edbi \u00e1o c\u00f9ng ch\u1ea5t li\u1ec7u, trang ph\u1ee5c mang l\u1ea1i hi\u1ec7u \u1ee9ng li\u1ec1n m\u1ea1ch, gi\u00fap t\u1ed5ng th\u1ec3 tr\u00f4ng cao r\u00e1o v\u00e0 tinh t\u1ebf h\u01a1n. C\u00f3 th\u1ec3 k\u1ebft h\u1ee3p c\u00f9ng sandal \u0111\u1ebf b\u1ec7t ho\u1eb7c quai m\u1ea3nh \u0111\u1ec3 gi\u1eef s\u1ef1 nh\u1eb9 nh\u00e0ng, ph\u1ed1i c\u00f9ng t\u00fai c\u00f3i, t\u00fai canvas ho\u1eb7c t\u00fai da m\u1ec1m \u0111\u1ec3 t\u0103ng tinh th\u1ea7n ngh\u1ec9 d\u01b0\u1ee1ng. Trong nh\u1eefng d\u1ecbp c\u1ea7n s\u1ef1 ch\u1ec9n chu h\u01a1n, c\u00f3 th\u1ec3 mix c\u00f9ng gi\u00e0y mule ho\u1eb7c sneaker tr\u1eafng \u0111\u1ec3 bi\u1ebfn t\u1ea5u linh ho\u1ea1t gi\u1eefa c\u00e1c ho\u00e0n c\u1ea3nh.<\/p>\n<p><strong>H\u01b0\u1edbng d\u1eabn b\u1ea3o qu\u1ea3n<\/strong><br \/>\n&#8211; Khuy\u1ebfn kh\u00edch gi\u1eb7t tay nh\u1eb9 nh\u00e0ng, kh\u00f4ng v\u00f2 xo\u1eafn \u0111\u1ec3 tr\u00e1nh \u1ea3nh h\u01b0\u1edfng \u0111\u1ebfn c\u1ea5u tr\u00fac s\u1ee3i v\u1ea3i.<br \/>\n&#8211; Tr\u00e1nh v\u1eb7n xo\u1eafn m\u1ea1nh \u0111\u1ec3 h\u1ea1n ch\u1ebf t\u00ecnh tr\u1ea1ng r\u00fat s\u1ee3i v\u00e0 gi\u1eef form qu\u1ea7n.<br \/>\n&#8211; Ph\u01a1i th\u1eb3ng, tr\u00e1nh g\u1ea5p n\u1ebfp khi c\u00f2n \u01b0\u1edbt \u0111\u1ec3 gi\u1eef phom d\u00e1ng.<br \/>\n&#8211; Ph\u01a1i trong b\u00f3ng r\u00e2m, h\u1ea1n ch\u1ebf \u00e1nh n\u1eafng tr\u1ef1c ti\u1ebfp \u0111\u1ec3 \u0111\u1ea3m b\u1ea3o \u0111\u1ed9 b\u1ec1n m\u00e0u.<\/p>\n","protected":false},"excerpt":{"rendered":"<p>M\u1ed9t bu\u1ed5i s\u00e1ng ch\u1eadm r\u00e3i, \u00e1nh n\u1eafng nh\u1eb9 ph\u1ee7 l\u00ean m\u1ecdi th\u1ee9 xung quanh, \u0111\u1ee7 \u0111\u1ec3 n\u00e0ng v\u1eeba t\u1eadn h\u01b0\u1edfng, v\u1eeba s\u1eafp x\u1ebfp l\u1ea1i nh\u1eefng \u0111i\u1ec1u c\u00f2n dang d\u1edf theo c\u00e1ch nh\u1eb9 nh\u00e0ng h\u01a1n. Trong nh\u1eefng kho\u1ea3nh kh\u1eafc \u1ea5y, n\u00e0ng \u01b0u ti\u00ean nh\u1eefng thi\u1ebft k\u1ebf mang l\u1ea1i c\u1ea3m gi\u00e1c tho\u1ea3i m\u00e1i nh\u01b0ng v\u1eabn gi\u1eef \u0111\u01b0\u1ee3c [&#8230;]\n","protected":false},"featured_media":177,"comment_status":"open","ping_status":"closed","template":"","meta":[],"product_brand":[],"product_cat":[29],"product_tag":[],"class_list":{"0":"post-175","1":"product","2":"type-product","3":"status-publish","4":"has-post-thumbnail","6":"product_cat-quan","8":"first","9":"instock","10":"sale","11":"shipping-taxable","12":"purchasable","13":"product-type-variable"},"yoast_head":"<!-- This site is optimized with the Yoast SEO plugin v27.2 - https:\/\/yoast.com\/product\/yoast-seo-wordpress\/ -->\n<title>Qu\u1ea7n Resort 2 ly bung - Shop th\u1eddi trang<\/title>\n<meta name=\"robots\" content=\"noindex, follow, max-snippet:-1, max-image-preview:large, max-video-preview:-1\" \/>\n<meta property=\"og:locale\" content=\"vi_VN\" \/>\n<meta property=\"og:type\" content=\"article\" \/>\n<meta property=\"og:title\" content=\"Qu\u1ea7n Resort 2 ly bung - Shop th\u1eddi trang\" \/>\n<meta property=\"og:description\" content=\"M\u1ed9t bu\u1ed5i s\u00e1ng ch\u1eadm r\u00e3i, \u00e1nh n\u1eafng nh\u1eb9 ph\u1ee7 l\u00ean m\u1ecdi th\u1ee9 xung quanh, \u0111\u1ee7 \u0111\u1ec3 n\u00e0ng v\u1eeba t\u1eadn h\u01b0\u1edfng, v\u1eeba s\u1eafp x\u1ebfp l\u1ea1i nh\u1eefng \u0111i\u1ec1u c\u00f2n dang d\u1edf theo c\u00e1ch nh\u1eb9 nh\u00e0ng h\u01a1n. Trong nh\u1eefng kho\u1ea3nh kh\u1eafc \u1ea5y, n\u00e0ng \u01b0u ti\u00ean nh\u1eefng thi\u1ebft k\u1ebf mang l\u1ea1i c\u1ea3m gi\u00e1c tho\u1ea3i m\u00e1i nh\u01b0ng v\u1eabn gi\u1eef \u0111\u01b0\u1ee3c [...]\" \/>\n<meta property=\"og:url\" content=\"https:\/\/phuonguyen.azdigi.shop\/?product=quan-resort-2-ly-bung\" \/>\n<meta property=\"og:site_name\" content=\"Shop th\u1eddi trang\" \/>\n<meta property=\"article:modified_time\" content=\"2026-04-11T17:13:29+00:00\" \/>\n<meta property=\"og:image\" content=\"https:\/\/phuonguyen.azdigi.shop\/wp-content\/uploads\/2026\/04\/Quan-Resort-to-2-lop-xep-ly-cap-chun-sau-scaled.jpg\" \/>\n\t<meta property=\"og:image:width\" content=\"1707\" \/>\n\t<meta property=\"og:image:height\" content=\"2560\" \/>\n\t<meta property=\"og:image:type\" content=\"image\/jpeg\" \/>\n<meta name=\"twitter:card\" content=\"summary_large_image\" \/>\n<meta name=\"twitter:label1\" content=\"\u01af\u1edbc t\u00ednh th\u1eddi gian \u0111\u1ecdc\" \/>\n\t<meta name=\"twitter:data1\" content=\"3 ph\u00fat\" \/>\n<script type=\"application\/ld+json\" class=\"yoast-schema-graph\">{\"@context\":\"https:\/\/schema.org\",\"@graph\":[{\"@type\":\"WebPage\",\"@id\":\"https:\/\/phuonguyen.azdigi.shop\/?product=quan-resort-2-ly-bung\",\"url\":\"https:\/\/phuonguyen.azdigi.shop\/?product=quan-resort-2-ly-bung\",\"name\":\"Qu\u1ea7n Resort 2 ly bung - Shop th\u1eddi trang\",\"isPartOf\":{\"@id\":\"https:\/\/phuonguyen.azdigi.shop\/#website\"},\"primaryImageOfPage\":{\"@id\":\"https:\/\/phuonguyen.azdigi.shop\/?product=quan-resort-2-ly-bung#primaryimage\"},\"image\":{\"@id\":\"https:\/\/phuonguyen.azdigi.shop\/?product=quan-resort-2-ly-bung#primaryimage\"},\"thumbnailUrl\":\"https:\/\/phuonguyen.azdigi.shop\/wp-content\/uploads\/2026\/04\/Quan-Resort-to-2-lop-xep-ly-cap-chun-sau-scaled.jpg\",\"datePublished\":\"2026-04-11T17:08:31+00:00\",\"dateModified\":\"2026-04-11T17:13:29+00:00\",\"breadcrumb\":{\"@id\":\"https:\/\/phuonguyen.azdigi.shop\/?product=quan-resort-2-ly-bung#breadcrumb\"},\"inLanguage\":\"vi\",\"potentialAction\":[{\"@type\":\"ReadAction\",\"target\":[\"https:\/\/phuonguyen.azdigi.shop\/?product=quan-resort-2-ly-bung\"]}]},{\"@type\":\"ImageObject\",\"inLanguage\":\"vi\",\"@id\":\"https:\/\/phuonguyen.azdigi.shop\/?product=quan-resort-2-ly-bung#primaryimage\",\"url\":\"https:\/\/phuonguyen.azdigi.shop\/wp-content\/uploads\/2026\/04\/Quan-Resort-to-2-lop-xep-ly-cap-chun-sau-scaled.jpg\",\"contentUrl\":\"https:\/\/phuonguyen.azdigi.shop\/wp-content\/uploads\/2026\/04\/Quan-Resort-to-2-lop-xep-ly-cap-chun-sau-scaled.jpg\",\"width\":1707,\"height\":2560,\"caption\":\"Evoto\"},{\"@type\":\"BreadcrumbList\",\"@id\":\"https:\/\/phuonguyen.azdigi.shop\/?product=quan-resort-2-ly-bung#breadcrumb\",\"itemListElement\":[{\"@type\":\"ListItem\",\"position\":1,\"name\":\"Trang ch\u1ee7\",\"item\":\"https:\/\/phuonguyen.azdigi.shop\/\"},{\"@type\":\"ListItem\",\"position\":2,\"name\":\"C\u1eeda h\u00e0ng\",\"item\":\"https:\/\/phuonguyen.azdigi.shop\/?page_id=35\"},{\"@type\":\"ListItem\",\"position\":3,\"name\":\"Qu\u1ea7n Resort 2 ly bung\"}]},{\"@type\":\"WebSite\",\"@id\":\"https:\/\/phuonguyen.azdigi.shop\/#website\",\"url\":\"https:\/\/phuonguyen.azdigi.shop\/\",\"name\":\"Shop th\u1eddi trang\",\"description\":\"\",\"potentialAction\":[{\"@type\":\"SearchAction\",\"target\":{\"@type\":\"EntryPoint\",\"urlTemplate\":\"https:\/\/phuonguyen.azdigi.shop\/?s={search_term_string}\"},\"query-input\":{\"@type\":\"PropertyValueSpecification\",\"valueRequired\":true,\"valueName\":\"search_term_string\"}}],\"inLanguage\":\"vi\"}]}<\/script>\n<!-- \/ Yoast SEO plugin. -->","yoast_head_json":{"title":"Qu\u1ea7n Resort 2 ly bung - Shop th\u1eddi trang","robots":{"index":"noindex","follow":"follow","max-snippet":"max-snippet:-1","max-image-preview":"max-image-preview:large","max-video-preview":"max-video-preview:-1"},"og_locale":"vi_VN","og_type":"article","og_title":"Qu\u1ea7n Resort 2 ly bung - Shop th\u1eddi trang","og_description":"M\u1ed9t bu\u1ed5i s\u00e1ng ch\u1eadm r\u00e3i, \u00e1nh n\u1eafng nh\u1eb9 ph\u1ee7 l\u00ean m\u1ecdi th\u1ee9 xung quanh, \u0111\u1ee7 \u0111\u1ec3 n\u00e0ng v\u1eeba t\u1eadn h\u01b0\u1edfng, v\u1eeba s\u1eafp x\u1ebfp l\u1ea1i nh\u1eefng \u0111i\u1ec1u c\u00f2n dang d\u1edf theo c\u00e1ch nh\u1eb9 nh\u00e0ng h\u01a1n. Trong nh\u1eefng kho\u1ea3nh kh\u1eafc \u1ea5y, n\u00e0ng \u01b0u ti\u00ean nh\u1eefng thi\u1ebft k\u1ebf mang l\u1ea1i c\u1ea3m gi\u00e1c tho\u1ea3i m\u00e1i nh\u01b0ng v\u1eabn gi\u1eef \u0111\u01b0\u1ee3c [...]","og_url":"https:\/\/phuonguyen.azdigi.shop\/?product=quan-resort-2-ly-bung","og_site_name":"Shop th\u1eddi trang","article_modified_time":"2026-04-11T17:13:29+00:00","og_image":[{"width":1707,"height":2560,"url":"https:\/\/phuonguyen.azdigi.shop\/wp-content\/uploads\/2026\/04\/Quan-Resort-to-2-lop-xep-ly-cap-chun-sau-scaled.jpg","type":"image\/jpeg"}],"twitter_card":"summary_large_image","twitter_misc":{"\u01af\u1edbc t\u00ednh th\u1eddi gian \u0111\u1ecdc":"3 ph\u00fat"},"schema":{"@context":"https:\/\/schema.org","@graph":[{"@type":"WebPage","@id":"https:\/\/phuonguyen.azdigi.shop\/?product=quan-resort-2-ly-bung","url":"https:\/\/phuonguyen.azdigi.shop\/?product=quan-resort-2-ly-bung","name":"Qu\u1ea7n Resort 2 ly bung - Shop th\u1eddi trang","isPartOf":{"@id":"https:\/\/phuonguyen.azdigi.shop\/#website"},"primaryImageOfPage":{"@id":"https:\/\/phuonguyen.azdigi.shop\/?product=quan-resort-2-ly-bung#primaryimage"},"image":{"@id":"https:\/\/phuonguyen.azdigi.shop\/?product=quan-resort-2-ly-bung#primaryimage"},"thumbnailUrl":"https:\/\/phuonguyen.azdigi.shop\/wp-content\/uploads\/2026\/04\/Quan-Resort-to-2-lop-xep-ly-cap-chun-sau-scaled.jpg","datePublished":"2026-04-11T17:08:31+00:00","dateModified":"2026-04-11T17:13:29+00:00","breadcrumb":{"@id":"https:\/\/phuonguyen.azdigi.shop\/?product=quan-resort-2-ly-bung#breadcrumb"},"inLanguage":"vi","potentialAction":[{"@type":"ReadAction","target":["https:\/\/phuonguyen.azdigi.shop\/?product=quan-resort-2-ly-bung"]}]},{"@type":"ImageObject","inLanguage":"vi","@id":"https:\/\/phuonguyen.azdigi.shop\/?product=quan-resort-2-ly-bung#primaryimage","url":"https:\/\/phuonguyen.azdigi.shop\/wp-content\/uploads\/2026\/04\/Quan-Resort-to-2-lop-xep-ly-cap-chun-sau-scaled.jpg","contentUrl":"https:\/\/phuonguyen.azdigi.shop\/wp-content\/uploads\/2026\/04\/Quan-Resort-to-2-lop-xep-ly-cap-chun-sau-scaled.jpg","width":1707,"height":2560,"caption":"Evoto"},{"@type":"BreadcrumbList","@id":"https:\/\/phuonguyen.azdigi.shop\/?product=quan-resort-2-ly-bung#breadcrumb","itemListElement":[{"@type":"ListItem","position":1,"name":"Trang ch\u1ee7","item":"https:\/\/phuonguyen.azdigi.shop\/"},{"@type":"ListItem","position":2,"name":"C\u1eeda h\u00e0ng","item":"https:\/\/phuonguyen.azdigi.shop\/?page_id=35"},{"@type":"ListItem","position":3,"name":"Qu\u1ea7n Resort 2 ly bung"}]},{"@type":"WebSite","@id":"https:\/\/phuonguyen.azdigi.shop\/#website","url":"https:\/\/phuonguyen.azdigi.shop\/","name":"Shop th\u1eddi trang","description":"","potentialAction":[{"@type":"SearchAction","target":{"@type":"EntryPoint","urlTemplate":"https:\/\/phuonguyen.azdigi.shop\/?s={search_term_string}"},"query-input":{"@type":"PropertyValueSpecification","valueRequired":true,"valueName":"search_term_string"}}],"inLanguage":"vi"}]}},"jetpack_sharing_enabled":true,"_links":{"self":[{"href":"https:\/\/phuonguyen.azdigi.shop\/index.php?rest_route=\/wp\/v2\/product\/175","targetHints":{"allow":["GET"]}}],"collection":[{"href":"https:\/\/phuonguyen.azdigi.shop\/index.php?rest_route=\/wp\/v2\/product"}],"about":[{"href":"https:\/\/phuonguyen.azdigi.shop\/index.php?rest_route=\/wp\/v2\/types\/product"}],"replies":[{"embeddable":true,"href":"https:\/\/phuonguyen.azdigi.shop\/index.php?rest_route=%2Fwp%2Fv2%2Fcomments&post=175"}],"wp:featuredmedia":[{"embeddable":true,"href":"https:\/\/phuonguyen.azdigi.shop\/index.php?rest_route=\/wp\/v2\/media\/177"}],"wp:attachment":[{"href":"https:\/\/phuonguyen.azdigi.shop\/index.php?rest_route=%2Fwp%2Fv2%2Fmedia&parent=175"}],"wp:term":[{"taxonomy":"product_brand","embeddable":true,"href":"https:\/\/phuonguyen.azdigi.shop\/index.php?rest_route=%2Fwp%2Fv2%2Fproduct_brand&post=175"},{"taxonomy":"product_cat","embeddable":true,"href":"https:\/\/phuonguyen.azdigi.shop\/index.php?rest_route=%2Fwp%2Fv2%2Fproduct_cat&post=175"},{"taxonomy":"product_tag","embeddable":true,"href":"https:\/\/phuonguyen.azdigi.shop\/index.php?rest_route=%2Fwp%2Fv2%2Fproduct_tag&post=175"}],"curies":[{"name":"wp","href":"https:\/\/api.w.org\/{rel}","templated":true}]}}