{"id":66,"date":"2026-04-09T08:44:26","date_gmt":"2026-04-09T08:44:26","guid":{"rendered":"https:\/\/phuonguyen.azdigi.shop\/?post_type=product&#038;p=66"},"modified":"2026-04-19T01:45:41","modified_gmt":"2026-04-19T01:45:41","slug":"dam-co-tron-dang-suong-chan-phoi-to","status":"publish","type":"product","link":"https:\/\/phuonguyen.azdigi.shop\/?product=dam-co-tron-dang-suong-chan-phoi-to","title":{"rendered":"\u0110\u1ea7m c\u1ed5 tr\u00f2n d\u00e1ng su\u00f4ng ch\u00e2n ph\u1ed1i t\u01a1"},"content":{"rendered":"<h3><strong>\u0110\u1ea7m c\u1ed5 tr\u00f2n d\u00e1ng su\u00f4ng ch\u00e2n ph\u1ed1i t\u01a1 \u2013 Thanh l\u1ecbch &amp; N\u1eef t\u00ednh<\/strong><\/h3>\n<p>V\u1edbi thi\u1ebft k\u1ebf t\u1ed1i gi\u1ea3n nh\u01b0ng \u0111\u1ea7y tinh t\u1ebf,\u00a0<strong>\u0111\u1ea7m c\u1ed5 tr\u00f2n d\u00e1ng su\u00f4ng ch\u00e2n ph\u1ed1i t\u01a1<\/strong>\u00a0l\u00e0 l\u1ef1a ch\u1ecdn ho\u00e0n h\u1ea3o d\u00e0nh cho nh\u1eefng qu\u00fd c\u00f4 y\u00eau th\u00edch v\u1ebb \u0111\u1eb9p thanh l\u1ecbch, nh\u1eb9 nh\u00e0ng nh\u01b0ng kh\u00f4ng k\u00e9m ph\u1ea7n n\u1ed5i b\u1eadt.<\/p>\n<h4><strong>\u0110i\u1ec3m n\u1ed5i b\u1eadt:<\/strong><\/h4>\n<p>\u2728\u00a0<strong>Phom d\u00e1ng su\u00f4ng th\u1eddi th\u01b0\u1ee3ng<\/strong>\u00a0\u2013 Gi\u00fap che khuy\u1ebft \u0111i\u1ec3m hi\u1ec7u qu\u1ea3, ph\u00f9 h\u1ee3p v\u1edbi m\u1ecdi d\u00e1ng ng\u01b0\u1eddi.<br \/>\n\u2728\u00a0<strong>Chi ti\u1ebft tay nh\u00fan b\u1ed3ng<\/strong>\u00a0\u2013 T\u1ea1o hi\u1ec7u \u1ee9ng m\u1ec1m m\u1ea1i, mang \u0111\u1ebfn v\u1ebb n\u1eef t\u00ednh v\u00e0 duy\u00ean d\u00e1ng.<br \/>\n\u2728\u00a0<strong>Ch\u00e2n v\u00e1y ph\u1ed1i t\u01a1 x\u1ebfp d\u1ecdc<\/strong>\u00a0\u2013 N\u00e9t ch\u1ea5m ph\u00e1 \u0111\u1ea7y ngh\u1ec7 thu\u1eadt, gi\u00fap t\u00f4n l\u00ean s\u1ef1 thanh tho\u00e1t v\u00e0 \u0111\u1ed9c \u0111\u00e1o cho thi\u1ebft k\u1ebf.<br \/>\n\u2728\u00a0<strong>Ch\u1ea5t li\u1ec7u cao c\u1ea5p<\/strong>\u00a0\u2013 Th\u00e2n \u0111\u1ea7m s\u1eed d\u1ee5ng v\u1ea3i Polyester weft stripe c\u00f3 \u0111\u1ed9 \u0111anh nh\u1eb9, gi\u1eef phom t\u1ed1t, k\u1ebft h\u1ee3p c\u00f9ng ch\u1ea5t li\u1ec7u t\u01a1 m\u1ec1m m\u1ea1i<br \/>\n\u2728\u00a0<strong>M\u00e0u s\u1eafc:<\/strong>\u00a0Tr\u1eafng \/ \u0110en basic v\u00f4 c\u00f9ng thanh l\u1ecbch<\/p>\n<figure class=\"image\"><img loading=\"lazy\" decoding=\"async\" src=\"https:\/\/pos.nvncdn.com\/4ef0bf-108661\/ps\/content\/20250220_nFeJ0LxM.jpg\" alt=\"20250220_nFeJ0LxM.jpg\" width=\"1200\" height=\"1200\" \/><\/figure>\n<figure class=\"image\"><img loading=\"lazy\" decoding=\"async\" src=\"https:\/\/pos.nvncdn.com\/4ef0bf-108661\/ps\/content\/20250220_0JkUpsuI.jpg\" alt=\"20250220_0JkUpsuI.jpg\" width=\"1200\" height=\"1200\" \/><\/figure>\n<h4><strong>T\u00ednh \u1ee9ng d\u1ee5ng &amp; G\u1ee3i \u00fd ph\u1ed1i \u0111\u1ed3:<\/strong><\/h4>\n<p>\ud83c\udf38\u00a0<strong>D\u1ec5 d\u00e0ng di\u1ec7n trong nhi\u1ec1u d\u1ecbp<\/strong>\u00a0\u2013 Ph\u00f9 h\u1ee3p \u0111\u1ec3 \u0111i l\u00e0m, d\u1ea1o ph\u1ed1, cafe hay nh\u1eefng bu\u1ed5i h\u1eb9n h\u00f2 l\u00e3ng m\u1ea1n.<br \/>\n\ud83d\udc60\u00a0<strong>Mix &amp; match tinh t\u1ebf<\/strong>\u00a0\u2013 K\u1ebft h\u1ee3p c\u00f9ng gi\u00e0y cao g\u00f3t v\u00e0 t\u00fai x\u00e1ch nh\u1ecf \u0111\u1ec3 t\u00f4n l\u00ean n\u00e9t thanh l\u1ecbch, ho\u1eb7c ph\u1ed1i v\u1edbi sandal \u0111\u1ec3 c\u00f3 v\u1ebb ngo\u00e0i nh\u1eb9 nh\u00e0ng, n\u1eef t\u00ednh.<\/p>\n<figure class=\"image\"><img loading=\"lazy\" decoding=\"async\" src=\"https:\/\/pos.nvncdn.com\/4ef0bf-108661\/ps\/content\/20250220_Mahak96q.jpg\" alt=\"20250220_Mahak96q.jpg\" width=\"960\" height=\"540\" \/><\/figure>\n<h4><strong>Gi\u1eb7t v\u00e0 b\u1ea3o qu\u1ea3n:<\/strong><\/h4>\n<p>\u2705 Gi\u1eb7t nh\u1eb9 nh\u00e0ng, kh\u00f4ng v\u1eb7n xo\u1eafn \u0111\u1ec3 gi\u1eef phom d\u00e1ng.<br \/>\n\u2705 H\u1ea1n ch\u1ebf gi\u1eb7t m\u00e1y v\u00e0 s\u1eed d\u1ee5ng h\u00f3a ch\u1ea5t t\u1ea9y m\u1ea1nh \u0111\u1ec3 b\u1ea3o to\u00e0n ch\u1ea5t li\u1ec7u t\u01a1 m\u1ec1m m\u1ea1i.<\/p>\n<p>\ud83d\udc96\u00a0<strong>\u0110\u1ea7m c\u1ed5 tr\u00f2n d\u00e1ng su\u00f4ng ch\u00e2n ph\u1ed1i t\u01a1 \u2013 Khi s\u1ef1 \u0111\u01a1n gi\u1ea3n tr\u1edf th\u00e0nh \u0111i\u1ec3m nh\u1ea5n cu\u1ed1n h\u00fat, mang \u0111\u1ebfn v\u1ebb \u0111\u1eb9p \u0111\u1ea7y tinh t\u1ebf cho n\u00e0ng.<\/strong><\/p>\n<p>\ud83d\udccd<strong>Kh\u00e1m ph\u00e1 ngay t\u1ea1i h\u1ec7 th\u1ed1ng c\u1eeda h\u00e0ng JM Dress Design ho\u1eb7c \u0111\u1eb7t h\u00e0ng online \u0111\u1ec3 s\u1edf h\u1eefu thi\u1ebft k\u1ebf ho\u00e0n h\u1ea3o n\u00e0y!<\/strong><\/p>\n","protected":false},"excerpt":{"rendered":"<p>\u0110\u1ea7m c\u1ed5 tr\u00f2n d\u00e1ng su\u00f4ng ch\u00e2n ph\u1ed1i t\u01a1 \u2013 Thanh l\u1ecbch &amp; N\u1eef t\u00ednh V\u1edbi thi\u1ebft k\u1ebf t\u1ed1i gi\u1ea3n nh\u01b0ng \u0111\u1ea7y tinh t\u1ebf,\u00a0\u0111\u1ea7m c\u1ed5 tr\u00f2n d\u00e1ng su\u00f4ng ch\u00e2n ph\u1ed1i t\u01a1\u00a0l\u00e0 l\u1ef1a ch\u1ecdn ho\u00e0n h\u1ea3o d\u00e0nh cho nh\u1eefng qu\u00fd c\u00f4 y\u00eau th\u00edch v\u1ebb \u0111\u1eb9p thanh l\u1ecbch, nh\u1eb9 nh\u00e0ng nh\u01b0ng kh\u00f4ng k\u00e9m ph\u1ea7n n\u1ed5i b\u1eadt. \u0110i\u1ec3m n\u1ed5i [&#8230;]\n","protected":false},"featured_media":71,"comment_status":"open","ping_status":"closed","template":"","meta":[],"product_brand":[],"product_cat":[19],"product_tag":[],"class_list":{"0":"post-66","1":"product","2":"type-product","3":"status-publish","4":"has-post-thumbnail","6":"product_cat-dam","8":"first","9":"instock","10":"sale","11":"shipping-taxable","12":"purchasable","13":"product-type-variable"},"yoast_head":"<!-- This site is optimized with the Yoast SEO plugin v27.2 - https:\/\/yoast.com\/product\/yoast-seo-wordpress\/ -->\n<title>\u0110\u1ea7m c\u1ed5 tr\u00f2n d\u00e1ng su\u00f4ng ch\u00e2n ph\u1ed1i t\u01a1 - Shop th\u1eddi trang<\/title>\n<meta name=\"robots\" content=\"noindex, follow, max-snippet:-1, max-image-preview:large, max-video-preview:-1\" \/>\n<meta property=\"og:locale\" content=\"vi_VN\" \/>\n<meta property=\"og:type\" content=\"article\" \/>\n<meta property=\"og:title\" content=\"\u0110\u1ea7m c\u1ed5 tr\u00f2n d\u00e1ng su\u00f4ng ch\u00e2n ph\u1ed1i t\u01a1 - Shop th\u1eddi trang\" \/>\n<meta property=\"og:description\" content=\"\u0110\u1ea7m c\u1ed5 tr\u00f2n d\u00e1ng su\u00f4ng ch\u00e2n ph\u1ed1i t\u01a1 \u2013 Thanh l\u1ecbch &amp; N\u1eef t\u00ednh V\u1edbi thi\u1ebft k\u1ebf t\u1ed1i gi\u1ea3n nh\u01b0ng \u0111\u1ea7y tinh t\u1ebf,\u00a0\u0111\u1ea7m c\u1ed5 tr\u00f2n d\u00e1ng su\u00f4ng ch\u00e2n ph\u1ed1i t\u01a1\u00a0l\u00e0 l\u1ef1a ch\u1ecdn ho\u00e0n h\u1ea3o d\u00e0nh cho nh\u1eefng qu\u00fd c\u00f4 y\u00eau th\u00edch v\u1ebb \u0111\u1eb9p thanh l\u1ecbch, nh\u1eb9 nh\u00e0ng nh\u01b0ng kh\u00f4ng k\u00e9m ph\u1ea7n n\u1ed5i b\u1eadt. \u0110i\u1ec3m n\u1ed5i [...]\" \/>\n<meta property=\"og:url\" content=\"https:\/\/phuonguyen.azdigi.shop\/?product=dam-co-tron-dang-suong-chan-phoi-to\" \/>\n<meta property=\"og:site_name\" content=\"Shop th\u1eddi trang\" \/>\n<meta property=\"article:modified_time\" content=\"2026-04-19T01:45:41+00:00\" \/>\n<meta property=\"og:image\" content=\"https:\/\/phuonguyen.azdigi.shop\/wp-content\/uploads\/2026\/04\/1.jpeg\" \/>\n\t<meta property=\"og:image:width\" content=\"1296\" \/>\n\t<meta property=\"og:image:height\" content=\"1945\" \/>\n\t<meta property=\"og:image:type\" content=\"image\/jpeg\" \/>\n<meta name=\"twitter:card\" content=\"summary_large_image\" \/>\n<meta name=\"twitter:label1\" content=\"\u01af\u1edbc t\u00ednh th\u1eddi gian \u0111\u1ecdc\" \/>\n\t<meta name=\"twitter:data1\" content=\"3 ph\u00fat\" \/>\n<script type=\"application\/ld+json\" class=\"yoast-schema-graph\">{\"@context\":\"https:\/\/schema.org\",\"@graph\":[{\"@type\":\"WebPage\",\"@id\":\"https:\/\/phuonguyen.azdigi.shop\/?product=dam-co-tron-dang-suong-chan-phoi-to\",\"url\":\"https:\/\/phuonguyen.azdigi.shop\/?product=dam-co-tron-dang-suong-chan-phoi-to\",\"name\":\"\u0110\u1ea7m c\u1ed5 tr\u00f2n d\u00e1ng su\u00f4ng ch\u00e2n ph\u1ed1i t\u01a1 - Shop th\u1eddi trang\",\"isPartOf\":{\"@id\":\"https:\/\/phuonguyen.azdigi.shop\/#website\"},\"primaryImageOfPage\":{\"@id\":\"https:\/\/phuonguyen.azdigi.shop\/?product=dam-co-tron-dang-suong-chan-phoi-to#primaryimage\"},\"image\":{\"@id\":\"https:\/\/phuonguyen.azdigi.shop\/?product=dam-co-tron-dang-suong-chan-phoi-to#primaryimage\"},\"thumbnailUrl\":\"https:\/\/phuonguyen.azdigi.shop\/wp-content\/uploads\/2026\/04\/1.jpeg\",\"datePublished\":\"2026-04-09T08:44:26+00:00\",\"dateModified\":\"2026-04-19T01:45:41+00:00\",\"breadcrumb\":{\"@id\":\"https:\/\/phuonguyen.azdigi.shop\/?product=dam-co-tron-dang-suong-chan-phoi-to#breadcrumb\"},\"inLanguage\":\"vi\",\"potentialAction\":[{\"@type\":\"ReadAction\",\"target\":[\"https:\/\/phuonguyen.azdigi.shop\/?product=dam-co-tron-dang-suong-chan-phoi-to\"]}]},{\"@type\":\"ImageObject\",\"inLanguage\":\"vi\",\"@id\":\"https:\/\/phuonguyen.azdigi.shop\/?product=dam-co-tron-dang-suong-chan-phoi-to#primaryimage\",\"url\":\"https:\/\/phuonguyen.azdigi.shop\/wp-content\/uploads\/2026\/04\/1.jpeg\",\"contentUrl\":\"https:\/\/phuonguyen.azdigi.shop\/wp-content\/uploads\/2026\/04\/1.jpeg\",\"width\":1296,\"height\":1945},{\"@type\":\"BreadcrumbList\",\"@id\":\"https:\/\/phuonguyen.azdigi.shop\/?product=dam-co-tron-dang-suong-chan-phoi-to#breadcrumb\",\"itemListElement\":[{\"@type\":\"ListItem\",\"position\":1,\"name\":\"Trang ch\u1ee7\",\"item\":\"https:\/\/phuonguyen.azdigi.shop\/\"},{\"@type\":\"ListItem\",\"position\":2,\"name\":\"C\u1eeda h\u00e0ng\",\"item\":\"https:\/\/phuonguyen.azdigi.shop\/?page_id=35\"},{\"@type\":\"ListItem\",\"position\":3,\"name\":\"\u0110\u1ea7m c\u1ed5 tr\u00f2n d\u00e1ng su\u00f4ng ch\u00e2n ph\u1ed1i t\u01a1\"}]},{\"@type\":\"WebSite\",\"@id\":\"https:\/\/phuonguyen.azdigi.shop\/#website\",\"url\":\"https:\/\/phuonguyen.azdigi.shop\/\",\"name\":\"Shop th\u1eddi trang\",\"description\":\"\",\"potentialAction\":[{\"@type\":\"SearchAction\",\"target\":{\"@type\":\"EntryPoint\",\"urlTemplate\":\"https:\/\/phuonguyen.azdigi.shop\/?s={search_term_string}\"},\"query-input\":{\"@type\":\"PropertyValueSpecification\",\"valueRequired\":true,\"valueName\":\"search_term_string\"}}],\"inLanguage\":\"vi\"}]}<\/script>\n<!-- \/ Yoast SEO plugin. -->","yoast_head_json":{"title":"\u0110\u1ea7m c\u1ed5 tr\u00f2n d\u00e1ng su\u00f4ng ch\u00e2n ph\u1ed1i t\u01a1 - Shop th\u1eddi trang","robots":{"index":"noindex","follow":"follow","max-snippet":"max-snippet:-1","max-image-preview":"max-image-preview:large","max-video-preview":"max-video-preview:-1"},"og_locale":"vi_VN","og_type":"article","og_title":"\u0110\u1ea7m c\u1ed5 tr\u00f2n d\u00e1ng su\u00f4ng ch\u00e2n ph\u1ed1i t\u01a1 - Shop th\u1eddi trang","og_description":"\u0110\u1ea7m c\u1ed5 tr\u00f2n d\u00e1ng su\u00f4ng ch\u00e2n ph\u1ed1i t\u01a1 \u2013 Thanh l\u1ecbch &amp; N\u1eef t\u00ednh V\u1edbi thi\u1ebft k\u1ebf t\u1ed1i gi\u1ea3n nh\u01b0ng \u0111\u1ea7y tinh t\u1ebf,\u00a0\u0111\u1ea7m c\u1ed5 tr\u00f2n d\u00e1ng su\u00f4ng ch\u00e2n ph\u1ed1i t\u01a1\u00a0l\u00e0 l\u1ef1a ch\u1ecdn ho\u00e0n h\u1ea3o d\u00e0nh cho nh\u1eefng qu\u00fd c\u00f4 y\u00eau th\u00edch v\u1ebb \u0111\u1eb9p thanh l\u1ecbch, nh\u1eb9 nh\u00e0ng nh\u01b0ng kh\u00f4ng k\u00e9m ph\u1ea7n n\u1ed5i b\u1eadt. \u0110i\u1ec3m n\u1ed5i [...]","og_url":"https:\/\/phuonguyen.azdigi.shop\/?product=dam-co-tron-dang-suong-chan-phoi-to","og_site_name":"Shop th\u1eddi trang","article_modified_time":"2026-04-19T01:45:41+00:00","og_image":[{"width":1296,"height":1945,"url":"https:\/\/phuonguyen.azdigi.shop\/wp-content\/uploads\/2026\/04\/1.jpeg","type":"image\/jpeg"}],"twitter_card":"summary_large_image","twitter_misc":{"\u01af\u1edbc t\u00ednh th\u1eddi gian \u0111\u1ecdc":"3 ph\u00fat"},"schema":{"@context":"https:\/\/schema.org","@graph":[{"@type":"WebPage","@id":"https:\/\/phuonguyen.azdigi.shop\/?product=dam-co-tron-dang-suong-chan-phoi-to","url":"https:\/\/phuonguyen.azdigi.shop\/?product=dam-co-tron-dang-suong-chan-phoi-to","name":"\u0110\u1ea7m c\u1ed5 tr\u00f2n d\u00e1ng su\u00f4ng ch\u00e2n ph\u1ed1i t\u01a1 - Shop th\u1eddi trang","isPartOf":{"@id":"https:\/\/phuonguyen.azdigi.shop\/#website"},"primaryImageOfPage":{"@id":"https:\/\/phuonguyen.azdigi.shop\/?product=dam-co-tron-dang-suong-chan-phoi-to#primaryimage"},"image":{"@id":"https:\/\/phuonguyen.azdigi.shop\/?product=dam-co-tron-dang-suong-chan-phoi-to#primaryimage"},"thumbnailUrl":"https:\/\/phuonguyen.azdigi.shop\/wp-content\/uploads\/2026\/04\/1.jpeg","datePublished":"2026-04-09T08:44:26+00:00","dateModified":"2026-04-19T01:45:41+00:00","breadcrumb":{"@id":"https:\/\/phuonguyen.azdigi.shop\/?product=dam-co-tron-dang-suong-chan-phoi-to#breadcrumb"},"inLanguage":"vi","potentialAction":[{"@type":"ReadAction","target":["https:\/\/phuonguyen.azdigi.shop\/?product=dam-co-tron-dang-suong-chan-phoi-to"]}]},{"@type":"ImageObject","inLanguage":"vi","@id":"https:\/\/phuonguyen.azdigi.shop\/?product=dam-co-tron-dang-suong-chan-phoi-to#primaryimage","url":"https:\/\/phuonguyen.azdigi.shop\/wp-content\/uploads\/2026\/04\/1.jpeg","contentUrl":"https:\/\/phuonguyen.azdigi.shop\/wp-content\/uploads\/2026\/04\/1.jpeg","width":1296,"height":1945},{"@type":"BreadcrumbList","@id":"https:\/\/phuonguyen.azdigi.shop\/?product=dam-co-tron-dang-suong-chan-phoi-to#breadcrumb","itemListElement":[{"@type":"ListItem","position":1,"name":"Trang ch\u1ee7","item":"https:\/\/phuonguyen.azdigi.shop\/"},{"@type":"ListItem","position":2,"name":"C\u1eeda h\u00e0ng","item":"https:\/\/phuonguyen.azdigi.shop\/?page_id=35"},{"@type":"ListItem","position":3,"name":"\u0110\u1ea7m c\u1ed5 tr\u00f2n d\u00e1ng su\u00f4ng ch\u00e2n ph\u1ed1i t\u01a1"}]},{"@type":"WebSite","@id":"https:\/\/phuonguyen.azdigi.shop\/#website","url":"https:\/\/phuonguyen.azdigi.shop\/","name":"Shop th\u1eddi trang","description":"","potentialAction":[{"@type":"SearchAction","target":{"@type":"EntryPoint","urlTemplate":"https:\/\/phuonguyen.azdigi.shop\/?s={search_term_string}"},"query-input":{"@type":"PropertyValueSpecification","valueRequired":true,"valueName":"search_term_string"}}],"inLanguage":"vi"}]}},"jetpack_sharing_enabled":true,"_links":{"self":[{"href":"https:\/\/phuonguyen.azdigi.shop\/index.php?rest_route=\/wp\/v2\/product\/66","targetHints":{"allow":["GET"]}}],"collection":[{"href":"https:\/\/phuonguyen.azdigi.shop\/index.php?rest_route=\/wp\/v2\/product"}],"about":[{"href":"https:\/\/phuonguyen.azdigi.shop\/index.php?rest_route=\/wp\/v2\/types\/product"}],"replies":[{"embeddable":true,"href":"https:\/\/phuonguyen.azdigi.shop\/index.php?rest_route=%2Fwp%2Fv2%2Fcomments&post=66"}],"wp:featuredmedia":[{"embeddable":true,"href":"https:\/\/phuonguyen.azdigi.shop\/index.php?rest_route=\/wp\/v2\/media\/71"}],"wp:attachment":[{"href":"https:\/\/phuonguyen.azdigi.shop\/index.php?rest_route=%2Fwp%2Fv2%2Fmedia&parent=66"}],"wp:term":[{"taxonomy":"product_brand","embeddable":true,"href":"https:\/\/phuonguyen.azdigi.shop\/index.php?rest_route=%2Fwp%2Fv2%2Fproduct_brand&post=66"},{"taxonomy":"product_cat","embeddable":true,"href":"https:\/\/phuonguyen.azdigi.shop\/index.php?rest_route=%2Fwp%2Fv2%2Fproduct_cat&post=66"},{"taxonomy":"product_tag","embeddable":true,"href":"https:\/\/phuonguyen.azdigi.shop\/index.php?rest_route=%2Fwp%2Fv2%2Fproduct_tag&post=66"}],"curies":[{"name":"wp","href":"https:\/\/api.w.org\/{rel}","templated":true}]}}