{"id":72,"date":"2026-04-09T08:54:59","date_gmt":"2026-04-09T08:54:59","guid":{"rendered":"https:\/\/phuonguyen.azdigi.shop\/?post_type=product&#038;p=72"},"modified":"2026-04-09T09:15:51","modified_gmt":"2026-04-09T09:15:51","slug":"dam-co-duc-xep-ly-dai","status":"publish","type":"product","link":"https:\/\/phuonguyen.azdigi.shop\/?product=dam-co-duc-xep-ly-dai","title":{"rendered":"\u0110\u1ea7m c\u1ed5 \u0111\u1ee9c x\u1ebfp ly d\u00e0i"},"content":{"rendered":"<h1 class=\"title-head\"><img decoding=\"async\" src=\"https:\/\/pos.nvncdn.com\/4ef0bf-108661\/ps\/Dam-co-duc-xep-ly-dai-Hong-M.jpg?v=1774324291\" \/><\/h1>\n<p>&nbsp;<\/p>\n<p><img decoding=\"async\" src=\"https:\/\/pos.nvncdn.com\/4ef0bf-108661\/ps\/Dam-co-duc-xep-ly-dai-Xanh-Mint-S.jpg?v=1774347365\" \/><\/p>\n<p>T\u1ef1a nh\u01b0 m\u1ed9t d\u1ea3i l\u1ee5a m\u1ec1m kh\u1ebd bu\u00f4ng theo t\u1eebng chuy\u1ec3n \u0111\u1ed9ng, thi\u1ebft k\u1ebf mang \u0111\u1ebfn c\u1ea3m gi\u00e1c d\u1ecbu d\u00e0n, thanh l\u1ecbch v\u1eeba ph\u1ea3i \u2013 kh\u00f4ng qu\u00e1 n\u1ed5i b\u1eadt, nh\u01b0ng \u0111\u1ee7 \u0111\u1ec3 khi\u1ebfn \u00e1nh nh\u00ecn d\u1eebng l\u1ea1i l\u00e2u h\u01a1n m\u1ed9t nh\u1ecbp. S\u1eafc h\u1ed3ng thanh tho\u00e1t k\u1ebft h\u1ee3p c\u00f9ng phom d\u00e1ng A-line d\u00e0i qua g\u1ed1i, v\u1eeba \u0111\u1ee7 k\u00edn \u0111\u00e1o, v\u1eeba \u0111\u1ee7 bay b\u1ed5ng t\u00f4n l\u00ean n\u00e9t n\u1eef t\u00ednh y\u00eau ki\u1ec1u c\u1ee7a n\u00e0ng.<\/p>\n<p><strong>Thi\u1ebft k\u1ebf<\/strong><br \/>\n\u0110\u1ea7m d\u00e1ng A-line d\u00e0i qua g\u1ed1i, gi\u00fap t\u1ed5ng th\u1ec3 thon g\u1ecdn v\u00e0 c\u00e2n \u0111\u1ed1i. Ph\u1ea7n th\u00e2n tr\u00ean t\u1ed1i gi\u1ea3n v\u1edbi c\u1ed5 s\u01a1 mi k\u1ebft h\u1ee3p n\u01a1 bu\u00f4ng nh\u1eb9, t\u1ea1o \u0111i\u1ec3m nh\u1ea5n thanh l\u1ecbch. Ch\u00e2n v\u00e1y x\u1ebfp ly r\u1ee7 mang l\u1ea1i \u0111\u1ed9 bay t\u1ef1 nhi\u00ean, gi\u00fap t\u1eebng chuy\u1ec3n \u0111\u1ed9ng th\u00eam m\u1ec1m m\u1ea1i.<\/p>\n<p><strong>Ch\u1ea5t li\u1ec7u<\/strong><br \/>\nS\u1eed d\u1ee5ng v\u1ea3i poly c\u00f3 kh\u1ea3 n\u0103ng gi\u1eef form t\u1ed1t, c\u00f3 \u0111\u1ed9 r\u1ee7 v\u1eeba ph\u1ea3i, t\u1ea1o hi\u1ec7u \u1ee9ng chuy\u1ec3n \u0111\u1ed9ng m\u1ec1m m\u1ea1i khi m\u1eb7c.<\/p>\n<p><strong>Ph\u1ed1i \u0111\u1ed3<\/strong><br \/>\nThi\u1ebft k\u1ebf ph\u00f9 h\u1ee3p cho m\u00f4i tr\u01b0\u1eddng c\u00f4ng s\u1edf, g\u1eb7p g\u1ee1 ho\u1eb7c nh\u1eefng bu\u1ed5i d\u1ea1o ph\u1ed1 nh\u1eb9 nh\u00e0ng. K\u1ebft h\u1ee3p c\u00f9ng gi\u00e0y mary jane, gi\u00e0y b\u00fap b\u00ea ho\u1eb7c cao g\u00f3t m\u0169i tr\u00f2n \u0111\u1ec3 gi\u1eef tr\u1ecdn v\u1ebb thanh l\u1ecbch. C\u00f3 th\u1ec3 ph\u1ed1i c\u00f9ng t\u00fai form c\u1ee9ng ho\u1eb7c cardigan m\u1ecfng \u0111\u1ec3 ho\u00e0n thi\u1ec7n t\u1ed5ng th\u1ec3.<\/p>\n<p><strong>H\u01b0\u1edbng d\u1eabn b\u1ea3o qu\u1ea3n<\/strong><br \/>\n&#8211; Khuy\u1ebfn kh\u00edch gi\u1eb7t tay nh\u1eb9 nh\u00e0ng, kh\u00f4ng v\u00f2 xo\u1eafn m\u1ea1nh.<br \/>\n&#8211; Gi\u0169 th\u1eb3ng khi ph\u01a1i \u0111\u1ec3 gi\u1eef n\u1ebfp ly v\u00e0 form d\u00e1ng.<br \/>\n&#8211; Ph\u01a1i trong b\u00f3ng r\u00e2m, tr\u00e1nh \u00e1nh n\u1eafng tr\u1ef1c ti\u1ebfp.<\/p>\n","protected":false},"excerpt":{"rendered":"<p>&nbsp; T\u1ef1a nh\u01b0 m\u1ed9t d\u1ea3i l\u1ee5a m\u1ec1m kh\u1ebd bu\u00f4ng theo t\u1eebng chuy\u1ec3n \u0111\u1ed9ng, thi\u1ebft k\u1ebf mang \u0111\u1ebfn c\u1ea3m gi\u00e1c d\u1ecbu d\u00e0n, thanh l\u1ecbch v\u1eeba ph\u1ea3i \u2013 kh\u00f4ng qu\u00e1 n\u1ed5i b\u1eadt, nh\u01b0ng \u0111\u1ee7 \u0111\u1ec3 khi\u1ebfn \u00e1nh nh\u00ecn d\u1eebng l\u1ea1i l\u00e2u h\u01a1n m\u1ed9t nh\u1ecbp. S\u1eafc h\u1ed3ng thanh tho\u00e1t k\u1ebft h\u1ee3p c\u00f9ng phom d\u00e1ng A-line d\u00e0i qua g\u1ed1i, [&#8230;]\n","protected":false},"featured_media":73,"comment_status":"open","ping_status":"closed","template":"","meta":[],"product_brand":[],"product_cat":[19],"product_tag":[],"class_list":{"0":"post-72","1":"product","2":"type-product","3":"status-publish","4":"has-post-thumbnail","6":"product_cat-dam","8":"first","9":"instock","10":"shipping-taxable","11":"purchasable","12":"product-type-variable"},"yoast_head":"<!-- This site is optimized with the Yoast SEO plugin v27.2 - https:\/\/yoast.com\/product\/yoast-seo-wordpress\/ -->\n<title>\u0110\u1ea7m c\u1ed5 \u0111\u1ee9c x\u1ebfp ly d\u00e0i - Shop th\u1eddi trang<\/title>\n<meta name=\"robots\" content=\"noindex, follow, max-snippet:-1, max-image-preview:large, max-video-preview:-1\" \/>\n<meta property=\"og:locale\" content=\"vi_VN\" \/>\n<meta property=\"og:type\" content=\"article\" \/>\n<meta property=\"og:title\" content=\"\u0110\u1ea7m c\u1ed5 \u0111\u1ee9c x\u1ebfp ly d\u00e0i - Shop th\u1eddi trang\" \/>\n<meta property=\"og:description\" content=\"&nbsp; T\u1ef1a nh\u01b0 m\u1ed9t d\u1ea3i l\u1ee5a m\u1ec1m kh\u1ebd bu\u00f4ng theo t\u1eebng chuy\u1ec3n \u0111\u1ed9ng, thi\u1ebft k\u1ebf mang \u0111\u1ebfn c\u1ea3m gi\u00e1c d\u1ecbu d\u00e0n, thanh l\u1ecbch v\u1eeba ph\u1ea3i \u2013 kh\u00f4ng qu\u00e1 n\u1ed5i b\u1eadt, nh\u01b0ng \u0111\u1ee7 \u0111\u1ec3 khi\u1ebfn \u00e1nh nh\u00ecn d\u1eebng l\u1ea1i l\u00e2u h\u01a1n m\u1ed9t nh\u1ecbp. S\u1eafc h\u1ed3ng thanh tho\u00e1t k\u1ebft h\u1ee3p c\u00f9ng phom d\u00e1ng A-line d\u00e0i qua g\u1ed1i, [...]\" \/>\n<meta property=\"og:url\" content=\"https:\/\/phuonguyen.azdigi.shop\/?product=dam-co-duc-xep-ly-dai\" \/>\n<meta property=\"og:site_name\" content=\"Shop th\u1eddi trang\" \/>\n<meta property=\"article:modified_time\" content=\"2026-04-09T09:15:51+00:00\" \/>\n<meta property=\"og:image\" content=\"https:\/\/phuonguyen.azdigi.shop\/wp-content\/uploads\/2026\/04\/Dam-co-duc-xep-ly-dai.jpg\" \/>\n\t<meta property=\"og:image:width\" content=\"1\" \/>\n\t<meta property=\"og:image:height\" content=\"1\" \/>\n\t<meta property=\"og:image:type\" content=\"image\/jpeg\" \/>\n<meta name=\"twitter:card\" content=\"summary_large_image\" \/>\n<meta name=\"twitter:label1\" content=\"\u01af\u1edbc t\u00ednh th\u1eddi gian \u0111\u1ecdc\" \/>\n\t<meta name=\"twitter:data1\" content=\"2 ph\u00fat\" \/>\n<script type=\"application\/ld+json\" class=\"yoast-schema-graph\">{\"@context\":\"https:\/\/schema.org\",\"@graph\":[{\"@type\":\"WebPage\",\"@id\":\"https:\/\/phuonguyen.azdigi.shop\/?product=dam-co-duc-xep-ly-dai\",\"url\":\"https:\/\/phuonguyen.azdigi.shop\/?product=dam-co-duc-xep-ly-dai\",\"name\":\"\u0110\u1ea7m c\u1ed5 \u0111\u1ee9c x\u1ebfp ly d\u00e0i - Shop th\u1eddi trang\",\"isPartOf\":{\"@id\":\"https:\/\/phuonguyen.azdigi.shop\/#website\"},\"primaryImageOfPage\":{\"@id\":\"https:\/\/phuonguyen.azdigi.shop\/?product=dam-co-duc-xep-ly-dai#primaryimage\"},\"image\":{\"@id\":\"https:\/\/phuonguyen.azdigi.shop\/?product=dam-co-duc-xep-ly-dai#primaryimage\"},\"thumbnailUrl\":\"https:\/\/phuonguyen.azdigi.shop\/wp-content\/uploads\/2026\/04\/Dam-co-duc-xep-ly-dai.jpg\",\"datePublished\":\"2026-04-09T08:54:59+00:00\",\"dateModified\":\"2026-04-09T09:15:51+00:00\",\"breadcrumb\":{\"@id\":\"https:\/\/phuonguyen.azdigi.shop\/?product=dam-co-duc-xep-ly-dai#breadcrumb\"},\"inLanguage\":\"vi\",\"potentialAction\":[{\"@type\":\"ReadAction\",\"target\":[\"https:\/\/phuonguyen.azdigi.shop\/?product=dam-co-duc-xep-ly-dai\"]}]},{\"@type\":\"ImageObject\",\"inLanguage\":\"vi\",\"@id\":\"https:\/\/phuonguyen.azdigi.shop\/?product=dam-co-duc-xep-ly-dai#primaryimage\",\"url\":\"https:\/\/phuonguyen.azdigi.shop\/wp-content\/uploads\/2026\/04\/Dam-co-duc-xep-ly-dai.jpg\",\"contentUrl\":\"https:\/\/phuonguyen.azdigi.shop\/wp-content\/uploads\/2026\/04\/Dam-co-duc-xep-ly-dai.jpg\",\"caption\":\"Evoto\"},{\"@type\":\"BreadcrumbList\",\"@id\":\"https:\/\/phuonguyen.azdigi.shop\/?product=dam-co-duc-xep-ly-dai#breadcrumb\",\"itemListElement\":[{\"@type\":\"ListItem\",\"position\":1,\"name\":\"Trang ch\u1ee7\",\"item\":\"https:\/\/phuonguyen.azdigi.shop\/\"},{\"@type\":\"ListItem\",\"position\":2,\"name\":\"C\u1eeda h\u00e0ng\",\"item\":\"https:\/\/phuonguyen.azdigi.shop\/?page_id=35\"},{\"@type\":\"ListItem\",\"position\":3,\"name\":\"\u0110\u1ea7m c\u1ed5 \u0111\u1ee9c x\u1ebfp ly d\u00e0i\"}]},{\"@type\":\"WebSite\",\"@id\":\"https:\/\/phuonguyen.azdigi.shop\/#website\",\"url\":\"https:\/\/phuonguyen.azdigi.shop\/\",\"name\":\"Shop th\u1eddi trang\",\"description\":\"\",\"potentialAction\":[{\"@type\":\"SearchAction\",\"target\":{\"@type\":\"EntryPoint\",\"urlTemplate\":\"https:\/\/phuonguyen.azdigi.shop\/?s={search_term_string}\"},\"query-input\":{\"@type\":\"PropertyValueSpecification\",\"valueRequired\":true,\"valueName\":\"search_term_string\"}}],\"inLanguage\":\"vi\"}]}<\/script>\n<!-- \/ Yoast SEO plugin. -->","yoast_head_json":{"title":"\u0110\u1ea7m c\u1ed5 \u0111\u1ee9c x\u1ebfp ly d\u00e0i - Shop th\u1eddi trang","robots":{"index":"noindex","follow":"follow","max-snippet":"max-snippet:-1","max-image-preview":"max-image-preview:large","max-video-preview":"max-video-preview:-1"},"og_locale":"vi_VN","og_type":"article","og_title":"\u0110\u1ea7m c\u1ed5 \u0111\u1ee9c x\u1ebfp ly d\u00e0i - Shop th\u1eddi trang","og_description":"&nbsp; T\u1ef1a nh\u01b0 m\u1ed9t d\u1ea3i l\u1ee5a m\u1ec1m kh\u1ebd bu\u00f4ng theo t\u1eebng chuy\u1ec3n \u0111\u1ed9ng, thi\u1ebft k\u1ebf mang \u0111\u1ebfn c\u1ea3m gi\u00e1c d\u1ecbu d\u00e0n, thanh l\u1ecbch v\u1eeba ph\u1ea3i \u2013 kh\u00f4ng qu\u00e1 n\u1ed5i b\u1eadt, nh\u01b0ng \u0111\u1ee7 \u0111\u1ec3 khi\u1ebfn \u00e1nh nh\u00ecn d\u1eebng l\u1ea1i l\u00e2u h\u01a1n m\u1ed9t nh\u1ecbp. S\u1eafc h\u1ed3ng thanh tho\u00e1t k\u1ebft h\u1ee3p c\u00f9ng phom d\u00e1ng A-line d\u00e0i qua g\u1ed1i, [...]","og_url":"https:\/\/phuonguyen.azdigi.shop\/?product=dam-co-duc-xep-ly-dai","og_site_name":"Shop th\u1eddi trang","article_modified_time":"2026-04-09T09:15:51+00:00","og_image":[{"url":"https:\/\/phuonguyen.azdigi.shop\/wp-content\/uploads\/2026\/04\/Dam-co-duc-xep-ly-dai.jpg","width":1,"height":1,"type":"image\/jpeg"}],"twitter_card":"summary_large_image","twitter_misc":{"\u01af\u1edbc t\u00ednh th\u1eddi gian \u0111\u1ecdc":"2 ph\u00fat"},"schema":{"@context":"https:\/\/schema.org","@graph":[{"@type":"WebPage","@id":"https:\/\/phuonguyen.azdigi.shop\/?product=dam-co-duc-xep-ly-dai","url":"https:\/\/phuonguyen.azdigi.shop\/?product=dam-co-duc-xep-ly-dai","name":"\u0110\u1ea7m c\u1ed5 \u0111\u1ee9c x\u1ebfp ly d\u00e0i - Shop th\u1eddi trang","isPartOf":{"@id":"https:\/\/phuonguyen.azdigi.shop\/#website"},"primaryImageOfPage":{"@id":"https:\/\/phuonguyen.azdigi.shop\/?product=dam-co-duc-xep-ly-dai#primaryimage"},"image":{"@id":"https:\/\/phuonguyen.azdigi.shop\/?product=dam-co-duc-xep-ly-dai#primaryimage"},"thumbnailUrl":"https:\/\/phuonguyen.azdigi.shop\/wp-content\/uploads\/2026\/04\/Dam-co-duc-xep-ly-dai.jpg","datePublished":"2026-04-09T08:54:59+00:00","dateModified":"2026-04-09T09:15:51+00:00","breadcrumb":{"@id":"https:\/\/phuonguyen.azdigi.shop\/?product=dam-co-duc-xep-ly-dai#breadcrumb"},"inLanguage":"vi","potentialAction":[{"@type":"ReadAction","target":["https:\/\/phuonguyen.azdigi.shop\/?product=dam-co-duc-xep-ly-dai"]}]},{"@type":"ImageObject","inLanguage":"vi","@id":"https:\/\/phuonguyen.azdigi.shop\/?product=dam-co-duc-xep-ly-dai#primaryimage","url":"https:\/\/phuonguyen.azdigi.shop\/wp-content\/uploads\/2026\/04\/Dam-co-duc-xep-ly-dai.jpg","contentUrl":"https:\/\/phuonguyen.azdigi.shop\/wp-content\/uploads\/2026\/04\/Dam-co-duc-xep-ly-dai.jpg","caption":"Evoto"},{"@type":"BreadcrumbList","@id":"https:\/\/phuonguyen.azdigi.shop\/?product=dam-co-duc-xep-ly-dai#breadcrumb","itemListElement":[{"@type":"ListItem","position":1,"name":"Trang ch\u1ee7","item":"https:\/\/phuonguyen.azdigi.shop\/"},{"@type":"ListItem","position":2,"name":"C\u1eeda h\u00e0ng","item":"https:\/\/phuonguyen.azdigi.shop\/?page_id=35"},{"@type":"ListItem","position":3,"name":"\u0110\u1ea7m c\u1ed5 \u0111\u1ee9c x\u1ebfp ly d\u00e0i"}]},{"@type":"WebSite","@id":"https:\/\/phuonguyen.azdigi.shop\/#website","url":"https:\/\/phuonguyen.azdigi.shop\/","name":"Shop th\u1eddi trang","description":"","potentialAction":[{"@type":"SearchAction","target":{"@type":"EntryPoint","urlTemplate":"https:\/\/phuonguyen.azdigi.shop\/?s={search_term_string}"},"query-input":{"@type":"PropertyValueSpecification","valueRequired":true,"valueName":"search_term_string"}}],"inLanguage":"vi"}]}},"jetpack_sharing_enabled":true,"_links":{"self":[{"href":"https:\/\/phuonguyen.azdigi.shop\/index.php?rest_route=\/wp\/v2\/product\/72","targetHints":{"allow":["GET"]}}],"collection":[{"href":"https:\/\/phuonguyen.azdigi.shop\/index.php?rest_route=\/wp\/v2\/product"}],"about":[{"href":"https:\/\/phuonguyen.azdigi.shop\/index.php?rest_route=\/wp\/v2\/types\/product"}],"replies":[{"embeddable":true,"href":"https:\/\/phuonguyen.azdigi.shop\/index.php?rest_route=%2Fwp%2Fv2%2Fcomments&post=72"}],"wp:featuredmedia":[{"embeddable":true,"href":"https:\/\/phuonguyen.azdigi.shop\/index.php?rest_route=\/wp\/v2\/media\/73"}],"wp:attachment":[{"href":"https:\/\/phuonguyen.azdigi.shop\/index.php?rest_route=%2Fwp%2Fv2%2Fmedia&parent=72"}],"wp:term":[{"taxonomy":"product_brand","embeddable":true,"href":"https:\/\/phuonguyen.azdigi.shop\/index.php?rest_route=%2Fwp%2Fv2%2Fproduct_brand&post=72"},{"taxonomy":"product_cat","embeddable":true,"href":"https:\/\/phuonguyen.azdigi.shop\/index.php?rest_route=%2Fwp%2Fv2%2Fproduct_cat&post=72"},{"taxonomy":"product_tag","embeddable":true,"href":"https:\/\/phuonguyen.azdigi.shop\/index.php?rest_route=%2Fwp%2Fv2%2Fproduct_tag&post=72"}],"curies":[{"name":"wp","href":"https:\/\/api.w.org\/{rel}","templated":true}]}}